{"id":279,"date":"2019-04-12T14:05:43","date_gmt":"2019-04-12T12:05:43","guid":{"rendered":"https:\/\/lovequest24.de\/?page_id=279"},"modified":"2020-07-25T18:19:29","modified_gmt":"2020-07-25T16:19:29","slug":"kontakt-deutschland","status":"publish","type":"page","link":"https:\/\/datingexpert.eu\/de\/kontakt-deutschland\/","title":{"rendered":"Kontakt"},"content":{"rendered":"<h3>Datingexpert.eu<\/h3>\n<p>Knowledge4All<br \/>Torteldreef 23<br \/>B &#8211; 3140 Keerbergen<\/p>\n<p>F\u00fcr Fragen, Anregungen oder Informationen \u00fcber Datingexpert.eu k\u00f6nnen Sie das Kontaktformular verwenden.<\/p>\n<p>Datingexpert.eu vergleicht Singleb\u00f6rsen f\u00fcr Sie.<\/p>\n<p>\u00a0\u00a0<br \/>\n\t\t\t\n<div class=\"wpcf7 no-js\" id=\"wpcf7-f45457-o1\" lang=\"en-US\" dir=\"ltr\">\n<div class=\"screen-reader-response\"><p role=\"status\" aria-live=\"polite\" aria-atomic=\"true\"><\/p> <ul><\/ul><\/div>\n<form action=\"\/de\/wp-json\/wp\/v2\/pages\/279#wpcf7-f45457-o1\" method=\"post\" class=\"wpcf7-form init\" aria-label=\"Contact form\" novalidate=\"novalidate\" data-status=\"init\">\n<div style=\"display: none;\">\n<input type=\"hidden\" name=\"_wpcf7\" value=\"45457\" \/>\n<input type=\"hidden\" name=\"_wpcf7_version\" value=\"5.9.5\" \/>\n<input type=\"hidden\" name=\"_wpcf7_locale\" value=\"en_US\" \/>\n<input type=\"hidden\" name=\"_wpcf7_unit_tag\" value=\"wpcf7-f45457-o1\" \/>\n<input type=\"hidden\" name=\"_wpcf7_container_post\" value=\"0\" \/>\n<input type=\"hidden\" name=\"_wpcf7_posted_data_hash\" value=\"\" \/>\n<\/div>\n<p><label> Name*<br \/>\n<span class=\"wpcf7-form-control-wrap\" data-name=\"your-name\"><input size=\"40\" class=\"wpcf7-form-control wpcf7-text wpcf7-validates-as-required\" aria-required=\"true\" aria-invalid=\"false\" value=\"\" type=\"text\" name=\"your-name\" \/><\/span> <\/label>\n<\/p>\n<p><label> E-mail*<br \/>\n<span class=\"wpcf7-form-control-wrap\" data-name=\"your-email\"><input size=\"40\" class=\"wpcf7-form-control wpcf7-email wpcf7-validates-as-required wpcf7-text wpcf7-validates-as-email\" aria-required=\"true\" aria-invalid=\"false\" value=\"\" type=\"email\" name=\"your-email\" \/><\/span> <\/label>\n<\/p>\n<p><label> Thema<br \/>\n<span class=\"wpcf7-form-control-wrap\" data-name=\"your-subject\"><input size=\"40\" class=\"wpcf7-form-control wpcf7-text\" aria-invalid=\"false\" value=\"\" type=\"text\" name=\"your-subject\" \/><\/span> <\/label>\n<\/p>\n<p><label> Bericht<br \/>\n<span class=\"wpcf7-form-control-wrap\" data-name=\"your-message\"><textarea cols=\"40\" rows=\"10\" class=\"wpcf7-form-control wpcf7-textarea\" aria-invalid=\"false\" name=\"your-message\"><\/textarea><\/span> <\/label>\n<\/p>\n<p><input class=\"wpcf7-form-control wpcf7-submit has-spinner\" type=\"submit\" value=\"Senden\" \/>\n<\/p><div class=\"wpcf7-response-output\" aria-hidden=\"true\"><\/div>\n<\/form>\n<\/div>\n<\/p>\n","protected":false},"excerpt":{"rendered":"<p>Datingexpert.eu Knowledge4AllTorteldreef 23B &#8211; 3140 Keerbergen F\u00fcr Fragen, Anregungen oder Informationen \u00fcber Datingexpert.eu k\u00f6nnen Sie das Kontaktformular verwenden. Datingexpert.eu vergleicht Singleb\u00f6rsen f\u00fcr Sie. \u00a0\u00a0<\/p>\n","protected":false},"author":1,"featured_media":0,"parent":0,"menu_order":0,"comment_status":"closed","ping_status":"closed","template":"","meta":{"footnotes":""},"_links":{"self":[{"href":"https:\/\/datingexpert.eu\/de\/wp-json\/wp\/v2\/pages\/279"}],"collection":[{"href":"https:\/\/datingexpert.eu\/de\/wp-json\/wp\/v2\/pages"}],"about":[{"href":"https:\/\/datingexpert.eu\/de\/wp-json\/wp\/v2\/types\/page"}],"author":[{"embeddable":true,"href":"https:\/\/datingexpert.eu\/de\/wp-json\/wp\/v2\/users\/1"}],"replies":[{"embeddable":true,"href":"https:\/\/datingexpert.eu\/de\/wp-json\/wp\/v2\/comments?post=279"}],"version-history":[{"count":4,"href":"https:\/\/datingexpert.eu\/de\/wp-json\/wp\/v2\/pages\/279\/revisions"}],"predecessor-version":[{"id":45520,"href":"https:\/\/datingexpert.eu\/de\/wp-json\/wp\/v2\/pages\/279\/revisions\/45520"}],"wp:attachment":[{"href":"https:\/\/datingexpert.eu\/de\/wp-json\/wp\/v2\/media?parent=279"}],"curies":[{"name":"wp","href":"https:\/\/api.w.org\/{rel}","templated":true}]}}