{"id":43072,"date":"2019-03-01T12:13:09","date_gmt":"2019-03-01T11:13:09","guid":{"rendered":"https:\/\/lovequest24.de\/?page_id=64"},"modified":"2020-07-27T12:39:39","modified_gmt":"2020-07-27T10:39:39","slug":"gay-dating-deutschland","status":"publish","type":"page","link":"https:\/\/datingexpert.eu\/de\/gay-dating-deutschland\/","title":{"rendered":"Gay Dating Deutschland"},"content":{"rendered":"<h1>Gay Dating in Deutschland<\/h1>\n<h6>Die besten LGB Top 10 Singleb\u00f6rsen 2020<\/h6>\n<p>\t\tSuchen Sie eine Singleb\u00f6rse der Sie vertrauen k\u00f6nnen? Dann sind Sie hier genau richtig. Unsere Experten haben die Sicherheit, Qualit\u00e4t und Erfolgsquote aller wichtigen Singleb\u00f6rsen getestet. Die Ergebnisse k\u00f6nnen Sie hier einsehen. Testen Sie die besten Singleb\u00f6rsen kostenlos! &#8230;<br \/>\n\t\t\t\t\t\t\t\t\t\t\t<a href=\"https:\/\/lovequest24.de\/go\/gayparship_guys-de\/\" target=\"_blank\" rel=\"noopener noreferrer\"><br \/>\n\t\t\t\t\t\t\t<img loading=\"lazy\" decoding=\"async\" width=\"300\" height=\"300\" src=\"http:\/\/datingexpert.eu\/wp-content\/uploads\/2020\/07\/gayparship_300x300-300x300.png\" alt=\"\" srcset=\"http:\/\/datingexpert.eu\/wp-content\/uploads\/2020\/07\/gayparship_300x300.png 300w, http:\/\/datingexpert.eu\/wp-content\/uploads\/2020\/07\/gayparship_300x300-150x150.png 150w, http:\/\/datingexpert.eu\/wp-content\/uploads\/2020\/07\/gayparship_300x300-80x80.png 80w, http:\/\/datingexpert.eu\/wp-content\/uploads\/2020\/07\/gayparship_300x300-250x250.png 250w, http:\/\/datingexpert.eu\/wp-content\/uploads\/2020\/07\/gayparship_300x300-132x133.png 132w\" sizes=\"(max-width: 300px) 100vw, 300px\" \/>\t\t\t\t\t\t\t\t<\/a><\/p>\n<h2><a href=\"https:\/\/lovequest24.de\/go\/gayparship_guys-de\/\" target=\"_blank\" rel=\"noopener noreferrer\">gayParship<\/a><\/h2>\n<li>F\u00e4llt es Ihnen auch schwer einen netten Freund oder Freundin in der Umgebung zu finden? Dann ist es h\u00f6chste Zeit gayParship auszuprobieren.<\/li>\n<li>Diese internationale Dating-Website wurde speziell f\u00fcr Homosexuelle aufgesetzt, die eine ernsthafte Beziehung suchen.<\/li>\n<h1>9.8 \/ 10<\/h1>\n<h6>Unsere Bewertung<\/h6>\n<p>\t\t\t\t\t\t<i>&#xE934;<\/i><i>&#xE934;<\/i><i>&#xE934;<\/i><i>&#xE934;<\/i><i>&#xE934;<\/i> 4.9\/5\t\t<\/p>\n<p style=\"text-align: center;\"><strong> Ideales Alter<\/strong><br \/><strong>25+<\/strong><\/p>\n<p>\t\t\t<a href=\"https:\/\/lovequest24.de\/go\/gayparship_guys-de\/\" target=\"_blank\" role=\"button\" rel=\"noopener noreferrer\"><br \/>\n\t\t\t\t\t\tKostenlos<br \/>Anmelden<br \/>\n\t\t\t\t\t<\/a><\/p>\n<h6><a href=\"https:\/\/lovequest24.de\/go\/gayparship_guys-de\/\" target=\"_blank\" rel=\"noopener noreferrer\">gayParship >><\/a><\/h6>\n<p>\t\t\t\t\t\t\t\t\t\t\t<a href=\"https:\/\/lovequest24.de\/go\/elitepartner_guys-de\/\" target=\"_blank\" rel=\"noopener noreferrer\"><br \/>\n\t\t\t\t\t\t\t<img loading=\"lazy\" decoding=\"async\" width=\"300\" height=\"300\" src=\"http:\/\/datingexpert.eu\/wp-content\/uploads\/2020\/07\/elitepartner_300x300-300x300.gif\" alt=\"\" srcset=\"http:\/\/datingexpert.eu\/wp-content\/uploads\/2020\/07\/elitepartner_300x300-300x300.gif 300w, http:\/\/datingexpert.eu\/wp-content\/uploads\/2020\/07\/elitepartner_300x300-150x150.gif 150w, http:\/\/datingexpert.eu\/wp-content\/uploads\/2020\/07\/elitepartner_300x300-80x80.gif 80w, http:\/\/datingexpert.eu\/wp-content\/uploads\/2020\/07\/elitepartner_300x300-250x250.gif 250w, http:\/\/datingexpert.eu\/wp-content\/uploads\/2020\/07\/elitepartner_300x300-132x133.gif 132w\" sizes=\"(max-width: 300px) 100vw, 300px\" \/>\t\t\t\t\t\t\t\t<\/a><\/p>\n<h2><a href=\"https:\/\/lovequest24.de\/go\/elitepartner_guys-de\/\" target=\"_blank\" rel=\"noopener noreferrer\">Elite Partner<\/a><\/h2>\n<li>Die Wahl f\u00fcr <strong>&#8216;Premium&#8217;<\/strong> Online-Dating<\/li>\n<li><strong>Seri\u00f6se und ehrgeizige<\/strong> Singles<\/li>\n<li>Jeden Monat registrieren sich mehr als <strong>800.000<\/strong> Mitglieder bei Elite Partner.<\/li>\n<h1>9.7 \/ 10<\/h1>\n<h6>Unsere Bewertung<\/h6>\n<p>\t\t\t\t\t\t<i>&#xE934;<\/i><i>&#xE934;<\/i><i>&#xE934;<\/i><i>&#xE934;<\/i><i>&#xE934;<\/i> 4.8\/5\t\t<\/p>\n<p style=\"text-align: center;\"><strong> Ideales Alter<\/strong><br \/><strong>30+<\/strong><\/p>\n<p>\t\t\t<a href=\"https:\/\/lovequest24.de\/go\/elitepartner_guys-de\/\" target=\"_blank\" role=\"button\" rel=\"noopener noreferrer\"><br \/>\n\t\t\t\t\t\tKostenlos<br \/>Anmelden<br \/>\n\t\t\t\t\t<\/a><\/p>\n<h6><a href=\"https:\/\/lovequest24.de\/go\/elitepartner_guys-de\/\" target=\"_blank\" rel=\"noopener noreferrer\">Elite Partner >><\/a><\/h6>\n<p>\t\t\t\t\t\t\t\t\t\t\t<a href=\"https:\/\/lovequest24.de\/go\/lovescout24-de\/\" target=\"_blank\" rel=\"noopener noreferrer\"><br \/>\n\t\t\t\t\t\t\t<img loading=\"lazy\" decoding=\"async\" width=\"200\" height=\"200\" src=\"http:\/\/datingexpert.eu\/wp-content\/uploads\/2020\/07\/lovescout24_200x200.png\" alt=\"\" srcset=\"http:\/\/datingexpert.eu\/wp-content\/uploads\/2020\/07\/lovescout24_200x200.png 200w, http:\/\/datingexpert.eu\/wp-content\/uploads\/2020\/07\/lovescout24_200x200-150x150.png 150w, http:\/\/datingexpert.eu\/wp-content\/uploads\/2020\/07\/lovescout24_200x200-80x80.png 80w, http:\/\/datingexpert.eu\/wp-content\/uploads\/2020\/07\/lovescout24_200x200-132x133.png 132w\" sizes=\"(max-width: 200px) 100vw, 200px\" \/>\t\t\t\t\t\t\t\t<\/a><\/p>\n<h2><a href=\"https:\/\/lovequest24.de\/go\/lovescout24-de\/\" target=\"_blank\" rel=\"noopener noreferrer\">Lovescout24<\/a><\/h2>\n<li><strong>Jeden Tag<\/strong> beginnen sch\u00f6ne Geschichten auf LoveScout24<\/li>\n<li><strong>Events<\/strong> in Ihrer N\u00e4he<\/li>\n<li>Dank LoveScout24 haben sich schon \u00fcber <strong>1 Mio<\/strong>. Paare gefunden<\/li>\n<li><strong>Flirts, Liebe und Abenteuer.<\/strong><\/li>\n<h1>9.4 \/ 10<\/h1>\n<h6>Unsere Bewertung<\/h6>\n<p>\t\t\t\t\t\t<i>&#xE934;<\/i><i>&#xE934;<\/i><i>&#xE934;<\/i><i>&#xE934;<\/i><i>&#xE934;<\/i> 4.7\/5\t\t<\/p>\n<p style=\"text-align: center;\"><strong> Ideales Alter<\/strong><br \/><strong>25+<\/strong><\/p>\n<p>\t\t\t<a href=\"https:\/\/lovequest24.de\/go\/lovescout24-de\/\" target=\"_blank\" role=\"button\" rel=\"noopener noreferrer\"><br \/>\n\t\t\t\t\t\tKostenlos<br \/>Anmelden<br \/>\n\t\t\t\t\t<\/a><\/p>\n<h6><a href=\"https:\/\/lovequest24.de\/go\/lovescout24-de\/\" target=\"_blank\" rel=\"noopener noreferrer\">Lovescout24 >><\/a><\/h6>\n<p>\t\t\t\t\t\t\t\t\t\t\t<a href=\"https:\/\/lovequest24.de\/go\/edarling_gay-de\/\" target=\"_blank\" rel=\"noopener noreferrer\"><br \/>\n\t\t\t\t\t\t\t<img loading=\"lazy\" decoding=\"async\" width=\"300\" height=\"300\" src=\"http:\/\/datingexpert.eu\/wp-content\/uploads\/2020\/07\/eDarling_300x300-300x300.jpg\" alt=\"\" srcset=\"http:\/\/datingexpert.eu\/wp-content\/uploads\/2020\/07\/eDarling_300x300.jpg 300w, http:\/\/datingexpert.eu\/wp-content\/uploads\/2020\/07\/eDarling_300x300-150x150.jpg 150w, http:\/\/datingexpert.eu\/wp-content\/uploads\/2020\/07\/eDarling_300x300-80x80.jpg 80w, http:\/\/datingexpert.eu\/wp-content\/uploads\/2020\/07\/eDarling_300x300-250x250.jpg 250w, http:\/\/datingexpert.eu\/wp-content\/uploads\/2020\/07\/eDarling_300x300-132x133.jpg 132w\" sizes=\"(max-width: 300px) 100vw, 300px\" \/>\t\t\t\t\t\t\t\t<\/a><\/p>\n<h2><a href=\"https:\/\/lovequest24.de\/go\/edarling_gay-de\/\" target=\"_blank\" rel=\"noopener noreferrer\">eDarling<\/a><\/h2>\n<li>Jedes Mitglied wird auf Echtheit \u00fcberpr\u00fcft.<\/li>\n<li>Grundlage Ihrer erfolgreichen Partnersuche bei eDarling ist ein wissenschaftlicher Pers\u00f6nlichkeitstest<\/li>\n<h1>8.8 \/ 10<\/h1>\n<h6>Unsere Bewertung<\/h6>\n<p>\t\t\t\t\t\t<i>&#xE934;<\/i><i>&#xE934;<\/i><i>&#xE934;<\/i><i>&#xE934;<\/i><i>&#xE934;<\/i> 4.4\/5\t\t<\/p>\n<p style=\"text-align: center;\"><strong> Ideales Alter<\/strong><br \/><strong>25+<\/strong><\/p>\n<p>\t\t\t<a href=\"https:\/\/lovequest24.de\/go\/edarling_gay-de\/\" target=\"_blank\" role=\"button\" rel=\"noopener noreferrer\"><br \/>\n\t\t\t\t\t\tKostenlos<br \/>Anmelden<br \/>\n\t\t\t\t\t<\/a><\/p>\n<h6><a href=\"https:\/\/lovequest24.de\/go\/edarling_gay-de\/\" target=\"_blank\" rel=\"noopener noreferrer\">eDarling >><\/a><\/h6>\n<p>Schwule Singles, die eine Beziehung oder einen sch\u00f6nen Date suchen, haben online unz\u00e4hlige M\u00f6glichkeiten zur Auswahl. Es gibt sowohl Gay-Dating-Sites, die sich nur auf Schwule und Lesben konzentrieren, als auch generische Dating-Sites, die sowohl f\u00fcr Heterosexuelle als auch Schwule geeignet sind. Diese Websites bieten zahlreiche Funktionen und Ressourcen, die auf ihre stetig wachsende Mitgliederzahl reagieren.<\/p>\n<p>Du bist bereit, den Partner f\u00fcr&#8217;s Leben zu treffen? Oder suchst du vielleicht eher etwas Lockeres? Wonach du auch suchst, du wirst es beim Online Dating finden. Da sich jedoch nicht jede Partnerb\u00f6rse f\u00fcr jede Art von Beziehung eignet, haben wir die gr\u00f6\u00dften Portale getestet und unsere Ergebnisse auf dieser Seite zusammengestellt. So kannst du sicher sein, wenn du dich auf der Partnerb\u00f6rse anmeldest, die dir genau das bietet, was du suchst.<\/p>\n","protected":false},"excerpt":{"rendered":"<p>Gay Dating in Deutschland Die besten LGB Top 10 Singleb\u00f6rsen 2020 Suchen Sie eine Singleb\u00f6rse der Sie vertrauen k\u00f6nnen? Dann sind Sie hier genau richtig. Unsere Experten haben die Sicherheit, Qualit\u00e4t und Erfolgsquote aller wichtigen Singleb\u00f6rsen getestet. Die Ergebnisse k\u00f6nnen Sie hier einsehen. Testen Sie die besten Singleb\u00f6rsen kostenlos! &#8230; gayParship F\u00e4llt es Ihnen auch [&hellip;]<\/p>\n","protected":false},"author":1,"featured_media":0,"parent":0,"menu_order":0,"comment_status":"closed","ping_status":"closed","template":"elementor_header_footer","meta":{"footnotes":""},"_links":{"self":[{"href":"https:\/\/datingexpert.eu\/de\/wp-json\/wp\/v2\/pages\/43072"}],"collection":[{"href":"https:\/\/datingexpert.eu\/de\/wp-json\/wp\/v2\/pages"}],"about":[{"href":"https:\/\/datingexpert.eu\/de\/wp-json\/wp\/v2\/types\/page"}],"author":[{"embeddable":true,"href":"https:\/\/datingexpert.eu\/de\/wp-json\/wp\/v2\/users\/1"}],"replies":[{"embeddable":true,"href":"https:\/\/datingexpert.eu\/de\/wp-json\/wp\/v2\/comments?post=43072"}],"version-history":[{"count":5,"href":"https:\/\/datingexpert.eu\/de\/wp-json\/wp\/v2\/pages\/43072\/revisions"}],"predecessor-version":[{"id":45810,"href":"https:\/\/datingexpert.eu\/de\/wp-json\/wp\/v2\/pages\/43072\/revisions\/45810"}],"wp:attachment":[{"href":"https:\/\/datingexpert.eu\/de\/wp-json\/wp\/v2\/media?parent=43072"}],"curies":[{"name":"wp","href":"https:\/\/api.w.org\/{rel}","templated":true}]}}