{"id":68,"date":"2019-03-01T12:14:51","date_gmt":"2019-03-01T11:14:51","guid":{"rendered":"https:\/\/lovequest24.de\/?page_id=68"},"modified":"2020-07-27T14:13:27","modified_gmt":"2020-07-27T12:13:27","slug":"50-plus-partnersuche-deutschland","status":"publish","type":"page","link":"https:\/\/datingexpert.eu\/de\/50-plus-partnersuche-deutschland\/","title":{"rendered":"50 Plus Partnersuche Deutschland"},"content":{"rendered":"<p><a href=\"https:\/\/lovequest24.de\/go\/parschip_senior-de\/\" target=\"_blank\" rel=\"noopener noreferrer\"><br \/>\n\t\t\t\t\t\t\t<img loading=\"lazy\" decoding=\"async\" width=\"300\" height=\"300\" src=\"http:\/\/datingexpert.eu\/wp-content\/uploads\/2020\/07\/parship_300x300-300x300.jpeg\" alt=\"\" srcset=\"http:\/\/datingexpert.eu\/wp-content\/uploads\/2020\/07\/parship_300x300.jpeg 300w, http:\/\/datingexpert.eu\/wp-content\/uploads\/2020\/07\/parship_300x300-150x150.jpeg 150w, http:\/\/datingexpert.eu\/wp-content\/uploads\/2020\/07\/parship_300x300-80x80.jpeg 80w, http:\/\/datingexpert.eu\/wp-content\/uploads\/2020\/07\/parship_300x300-250x250.jpeg 250w, http:\/\/datingexpert.eu\/wp-content\/uploads\/2020\/07\/parship_300x300-132x133.jpeg 132w\" sizes=\"(max-width: 300px) 100vw, 300px\" \/>\t\t\t\t\t\t\t\t<\/a><\/p>\n<h2><a href=\"https:\/\/lovequest24.de\/go\/parschip_senior-de\/\" target=\"_blank\" rel=\"noopener noreferrer\">Parship<\/a><\/h2>\n<li>Die <strong>Nr.1 Partnerb\u00f6rse<\/strong>\u00a0f\u00fcr 30+<\/li>\n<li>Mehr als <strong>23.000<\/strong> neue Mitglieder pro Woche<\/li>\n<li><strong>38%<\/strong> findet hier einen Partner<\/li>\n<li>Deutschlands <strong>beliebteste<\/strong> Partnervermittlung<\/li>\n<li><strong>85%<\/strong> sind \u00e4lter als 30 Jahre<\/li>\n<h1>9.8 \/ 10<\/h1>\n<h6>Unsere Bewertung<\/h6>\n<p>\t\t\t\t\t\t<i>&#xE934;<\/i><i>&#xE934;<\/i><i>&#xE934;<\/i><i>&#xE934;<\/i><i>&#xE934;<\/i> 4.9\/5\t\t<\/p>\n<p style=\"text-align: center;\"><strong> Ideales Alter<\/strong><br \/><strong>30+<\/strong><\/p>\n<p>\t\t\t<a href=\"https:\/\/lovequest24.de\/go\/parschip_senior-de\/\" target=\"_blank\" role=\"button\" rel=\"noopener noreferrer\"><br \/>\n\t\t\t\t\t\tKostenlos<br \/>Anmelden<br \/>\n\t\t\t\t\t<\/a><\/p>\n<h6><a href=\"https:\/\/lovequest24.de\/go\/parschip_senior-de\/\" target=\"_blank\" rel=\"noopener noreferrer\">Parship >><\/a><\/h6>\n<p>\t\t\t\t\t\t\t\t\t\t\t<a href=\"https:\/\/lovequest24.de\/go\/elitepartner_senior-de\/\" target=\"_blank\" rel=\"noopener noreferrer\"><br \/>\n\t\t\t\t\t\t\t<img loading=\"lazy\" decoding=\"async\" width=\"300\" height=\"300\" src=\"http:\/\/datingexpert.eu\/wp-content\/uploads\/2020\/07\/elitepartner_300x300-300x300.gif\" alt=\"\" srcset=\"http:\/\/datingexpert.eu\/wp-content\/uploads\/2020\/07\/elitepartner_300x300-300x300.gif 300w, http:\/\/datingexpert.eu\/wp-content\/uploads\/2020\/07\/elitepartner_300x300-150x150.gif 150w, http:\/\/datingexpert.eu\/wp-content\/uploads\/2020\/07\/elitepartner_300x300-80x80.gif 80w, http:\/\/datingexpert.eu\/wp-content\/uploads\/2020\/07\/elitepartner_300x300-250x250.gif 250w, http:\/\/datingexpert.eu\/wp-content\/uploads\/2020\/07\/elitepartner_300x300-132x133.gif 132w\" sizes=\"(max-width: 300px) 100vw, 300px\" \/>\t\t\t\t\t\t\t\t<\/a><\/p>\n<h2><a href=\"https:\/\/lovequest24.de\/go\/elitepartner_senior-de\/\" target=\"_blank\" rel=\"noopener noreferrer\">Elite Partner<\/a><\/h2>\n<li>Die Wahl f\u00fcr <strong>&#8216;Premium&#8217;<\/strong> Online-Dating<\/li>\n<li><strong>Seri\u00f6se und ehrgeizige<\/strong> Singles<\/li>\n<li>Jeden Monat registrieren sich mehr als <strong>800.000<\/strong> Mitglieder bei Elite Partner.<\/li>\n<li><strong>90% der Mitglieder sind 40+<\/strong><\/li>\n<h1>9.7 \/ 10<\/h1>\n<h6>Unsere Bewertung<\/h6>\n<p>\t\t\t\t\t\t<i>&#xE934;<\/i><i>&#xE934;<\/i><i>&#xE934;<\/i><i>&#xE934;<\/i><i>&#xE934;<\/i> 4.8\/5\t\t<\/p>\n<p style=\"text-align: center;\"><strong> Ideales Alter<\/strong><br \/><strong>30+<\/strong><\/p>\n<p>\t\t\t<a href=\"https:\/\/lovequest24.de\/go\/elitepartner_senior-de\/\" target=\"_blank\" role=\"button\" rel=\"noopener noreferrer\"><br \/>\n\t\t\t\t\t\tKostenlos<br \/>Anmelden<br \/>\n\t\t\t\t\t<\/a><\/p>\n<h6><a href=\"https:\/\/lovequest24.de\/go\/elitepartner_senior-de\/\" target=\"_blank\" rel=\"noopener noreferrer\">Elite Partner >><\/a><\/h6>\n<p>\t\t\t\t\t\t\t\t\t\t\t<a href=\"https:\/\/lovequest24.de\/go\/lovescout24-de\/\" target=\"_blank\" rel=\"noopener noreferrer\"><br \/>\n\t\t\t\t\t\t\t<img loading=\"lazy\" decoding=\"async\" width=\"200\" height=\"200\" src=\"http:\/\/datingexpert.eu\/wp-content\/uploads\/2020\/07\/lovescout24_200x200.png\" alt=\"\" srcset=\"http:\/\/datingexpert.eu\/wp-content\/uploads\/2020\/07\/lovescout24_200x200.png 200w, http:\/\/datingexpert.eu\/wp-content\/uploads\/2020\/07\/lovescout24_200x200-150x150.png 150w, http:\/\/datingexpert.eu\/wp-content\/uploads\/2020\/07\/lovescout24_200x200-80x80.png 80w, http:\/\/datingexpert.eu\/wp-content\/uploads\/2020\/07\/lovescout24_200x200-132x133.png 132w\" sizes=\"(max-width: 200px) 100vw, 200px\" \/>\t\t\t\t\t\t\t\t<\/a><\/p>\n<h2><a href=\"https:\/\/lovequest24.de\/go\/lovescout24-de\/\" target=\"_blank\" rel=\"noopener noreferrer\">Lovescout24<\/a><\/h2>\n<li><strong>Jeden Tag<\/strong> beginnen sch\u00f6ne Geschichten auf LoveScout24<\/li>\n<li><strong>Events<\/strong> in Ihrer N\u00e4he<\/li>\n<li>Dank LoveScout24 haben sich schon \u00fcber <strong>1 Mio<\/strong>. Paare gefunden<\/li>\n<li><strong>Flirts, Liebe und Abenteuer.<\/strong><\/li>\n<h1>9.4 \/ 10<\/h1>\n<h6>Unsere Bewertung<\/h6>\n<p>\t\t\t\t\t\t<i>&#xE934;<\/i><i>&#xE934;<\/i><i>&#xE934;<\/i><i>&#xE934;<\/i><i>&#xE934;<\/i> 4.7\/5\t\t<\/p>\n<p style=\"text-align: center;\"><strong> Ideales Alter<\/strong><br \/><strong>25+<\/strong><\/p>\n<p>\t\t\t<a href=\"https:\/\/lovequest24.de\/go\/lovescout24-de\/\" target=\"_blank\" role=\"button\" rel=\"noopener noreferrer\"><br \/>\n\t\t\t\t\t\tKostenlos<br \/>Anmelden<br \/>\n\t\t\t\t\t<\/a><\/p>\n<h6><a href=\"https:\/\/lovequest24.de\/go\/lovescout24-de\/\" target=\"_blank\" rel=\"noopener noreferrer\">Lovescout24 >><\/a><\/h6>\n<p>\t\t\t\t\t\t\t\t\t\t\t<a href=\"https:\/\/lovequest24.de\/go\/neu-de\/\" target=\"_blank\" rel=\"noopener noreferrer\"><br \/>\n\t\t\t\t\t\t\t<img loading=\"lazy\" decoding=\"async\" width=\"300\" height=\"300\" src=\"http:\/\/datingexpert.eu\/wp-content\/uploads\/2020\/07\/neu-de_300x300-300x300.png\" alt=\"\" srcset=\"http:\/\/datingexpert.eu\/wp-content\/uploads\/2020\/07\/neu-de_300x300.png 300w, http:\/\/datingexpert.eu\/wp-content\/uploads\/2020\/07\/neu-de_300x300-150x150.png 150w, http:\/\/datingexpert.eu\/wp-content\/uploads\/2020\/07\/neu-de_300x300-80x80.png 80w, http:\/\/datingexpert.eu\/wp-content\/uploads\/2020\/07\/neu-de_300x300-250x250.png 250w, http:\/\/datingexpert.eu\/wp-content\/uploads\/2020\/07\/neu-de_300x300-132x133.png 132w\" sizes=\"(max-width: 300px) 100vw, 300px\" \/>\t\t\t\t\t\t\t\t<\/a><\/p>\n<h2><a href=\"https:\/\/lovequest24.de\/go\/neu-de\/\" target=\"_blank\" rel=\"noopener noreferrer\">Neu.de<\/a><\/h2>\n<li>Beliebte Dating-Site mit einer gro\u00dfen Benutzergruppe<\/li>\n<li>NEU.DE ist Deutschlands gro\u00dfe Singleb\u00f6rse f\u00fcr die Generation 35+.<\/li>\n<li>Vom Flirt bis hin zur langfristigen Beziehung finden Singles hier den passenden Partner.<\/li>\n<h1>9.2 \/ 10<\/h1>\n<h6>Unsere Bewertung<\/h6>\n<p>\t\t\t\t\t\t<i>&#xE934;<\/i><i>&#xE934;<\/i><i>&#xE934;<\/i><i>&#xE934;<\/i><i>&#xE934;<\/i> 4.6\/5\t\t<\/p>\n<p style=\"text-align: center;\"><strong> Ideales Alter<\/strong><br \/><strong>35+<\/strong><\/p>\n<p>\t\t\t<a href=\"https:\/\/lovequest24.de\/go\/neu-de\/\" target=\"_blank\" role=\"button\" rel=\"noopener noreferrer\"><br \/>\n\t\t\t\t\t\tKostenlos<br \/>Anmelden<br \/>\n\t\t\t\t\t<\/a><\/p>\n<h6><a href=\"https:\/\/lovequest24.de\/go\/neu-de\/\" target=\"_blank\" rel=\"noopener noreferrer\">Neu.de\u200b >><\/a><\/h6>\n<p>\t\t\t\t\t\t\t\t\t\t\t<a href=\"https:\/\/lovequest24.de\/go\/silbersingles_senior-de\/\" target=\"_blank\" rel=\"noopener noreferrer\"><br \/>\n\t\t\t\t\t\t\t<img loading=\"lazy\" decoding=\"async\" width=\"300\" height=\"300\" src=\"http:\/\/datingexpert.eu\/wp-content\/uploads\/2020\/07\/SilberSingles_300x300-300x300.jpg\" alt=\"\" srcset=\"http:\/\/datingexpert.eu\/wp-content\/uploads\/2020\/07\/SilberSingles_300x300.jpg 300w, http:\/\/datingexpert.eu\/wp-content\/uploads\/2020\/07\/SilberSingles_300x300-150x150.jpg 150w, http:\/\/datingexpert.eu\/wp-content\/uploads\/2020\/07\/SilberSingles_300x300-80x80.jpg 80w, http:\/\/datingexpert.eu\/wp-content\/uploads\/2020\/07\/SilberSingles_300x300-250x250.jpg 250w, http:\/\/datingexpert.eu\/wp-content\/uploads\/2020\/07\/SilberSingles_300x300-132x133.jpg 132w\" sizes=\"(max-width: 300px) 100vw, 300px\" \/>\t\t\t\t\t\t\t\t<\/a><\/p>\n<h2><a href=\"https:\/\/lovequest24.de\/go\/silbersingles_senior-de\/\" target=\"_blank\" rel=\"noopener noreferrer\">SilberSingles<\/a><\/h2>\n<li>Bei Silbersingles k\u00f6nnen Menschen \u00fcber 50 auf die Suche nach einem neuen Partner gehen.<\/li>\n<li>Dabei hilft ihnen zum Beispiel der Pers\u00f6nlichkeitstest.<\/li>\n<li>Auf Basis dieser Ergebnisse werden Partnervorschl\u00e4ge gemacht, So wird die Suche vereinfacht.<\/li>\n<h1>9.1 \/ 10<\/h1>\n<h6>Unsere Bewertung<\/h6>\n<p>\t\t\t\t\t\t<i>&#xE934;<\/i><i>&#xE934;<\/i><i>&#xE934;<\/i><i>&#xE934;<\/i><i>&#xE934;<\/i> 4.5\/5\t\t<\/p>\n<p style=\"text-align: center;\"><strong> Ideales Alter<\/strong><br \/><strong>50+<\/strong><\/p>\n<p>\t\t\t<a href=\"https:\/\/lovequest24.de\/go\/silbersingles_senior-de\/\" target=\"_blank\" role=\"button\" rel=\"noopener noreferrer\"><br \/>\n\t\t\t\t\t\tKostenlos<br \/>Anmelden<br \/>\n\t\t\t\t\t<\/a><\/p>\n<h6><a href=\"https:\/\/lovequest24.de\/go\/silbersingles_senior-de\/\" target=\"_blank\" rel=\"noopener noreferrer\">SilberSingles >><\/a><\/h6>\n<p>\t\t\t\t\t\t\t\t\t\t\t<a href=\"https:\/\/lovequest24.de\/go\/edarling_senior-de\/\" target=\"_blank\" rel=\"noopener noreferrer\"><br \/>\n\t\t\t\t\t\t\t<img loading=\"lazy\" decoding=\"async\" width=\"300\" height=\"300\" src=\"http:\/\/datingexpert.eu\/wp-content\/uploads\/2020\/07\/eDarling_300x300-300x300.jpg\" alt=\"\" srcset=\"http:\/\/datingexpert.eu\/wp-content\/uploads\/2020\/07\/eDarling_300x300.jpg 300w, http:\/\/datingexpert.eu\/wp-content\/uploads\/2020\/07\/eDarling_300x300-150x150.jpg 150w, http:\/\/datingexpert.eu\/wp-content\/uploads\/2020\/07\/eDarling_300x300-80x80.jpg 80w, http:\/\/datingexpert.eu\/wp-content\/uploads\/2020\/07\/eDarling_300x300-250x250.jpg 250w, http:\/\/datingexpert.eu\/wp-content\/uploads\/2020\/07\/eDarling_300x300-132x133.jpg 132w\" sizes=\"(max-width: 300px) 100vw, 300px\" \/>\t\t\t\t\t\t\t\t<\/a><\/p>\n<h2><a href=\"https:\/\/lovequest24.de\/go\/edarling_senior-de\/\" target=\"_blank\" rel=\"noopener noreferrer\">eDarling<\/a><\/h2>\n<li>Jedes Mitglied wird auf Echtheit \u00fcberpr\u00fcft.<\/li>\n<li>Grundlage Ihrer erfolgreichen Partnersuche bei eDarling ist ein wissenschaftlicher Pers\u00f6nlichkeitstest<\/li>\n<h1>9.0 \/ 10<\/h1>\n<h6>Unsere Bewertung<\/h6>\n<p>\t\t\t\t\t\t<i>&#xE934;<\/i><i>&#xE934;<\/i><i>&#xE934;<\/i><i>&#xE934;<\/i><i>&#xE934;<\/i> 4.5\/5\t\t<\/p>\n<p style=\"text-align: center;\"><strong> Ideales Alter<\/strong><br \/><strong>25+<\/strong><\/p>\n<p>\t\t\t<a href=\"https:\/\/lovequest24.de\/go\/edarling_senior-de\/\" target=\"_blank\" role=\"button\" rel=\"noopener noreferrer\"><br \/>\n\t\t\t\t\t\tKostenlos<br \/>Anmelden<br \/>\n\t\t\t\t\t<\/a><\/p>\n<h6><a href=\"https:\/\/lovequest24.de\/go\/edarling_senior-de\/\" target=\"_blank\" rel=\"noopener noreferrer\">eDarling >><\/a><\/h6>\n<p>\t\t\t\t\t\t\t\t\t\t\t<a href=\"https:\/\/lovequest24.de\/go\/lemonswan-de\/\" target=\"_blank\" rel=\"noopener noreferrer\"><br \/>\n\t\t\t\t\t\t\t<img loading=\"lazy\" decoding=\"async\" width=\"300\" height=\"300\" src=\"http:\/\/datingexpert.eu\/wp-content\/uploads\/2020\/07\/lemonswan_300x300-300x300.png\" alt=\"\" srcset=\"http:\/\/datingexpert.eu\/wp-content\/uploads\/2020\/07\/lemonswan_300x300.png 300w, http:\/\/datingexpert.eu\/wp-content\/uploads\/2020\/07\/lemonswan_300x300-150x150.png 150w, http:\/\/datingexpert.eu\/wp-content\/uploads\/2020\/07\/lemonswan_300x300-80x80.png 80w, http:\/\/datingexpert.eu\/wp-content\/uploads\/2020\/07\/lemonswan_300x300-250x250.png 250w, http:\/\/datingexpert.eu\/wp-content\/uploads\/2020\/07\/lemonswan_300x300-132x133.png 132w\" sizes=\"(max-width: 300px) 100vw, 300px\" \/>\t\t\t\t\t\t\t\t<\/a><\/p>\n<h2><a href=\"https:\/\/lovequest24.de\/go\/lemonswan-de\/\" target=\"_blank\" rel=\"noopener noreferrer\">LemonSwan<\/a><\/h2>\n<li><strong>LemonSwan<\/strong>\u00a0ist eine neue Online- Partnervermittlung, f\u00fcr Singles die es ernst meinen.<\/li>\n<li>\u00a0Matchmaking auf den neuesten wissenschaftlichen Erkenntnissen<\/li>\n<li>Verbesserten Service und Funktionalit\u00e4t<\/li>\n<li>Zielgruppe praktisch grenzenlos<\/li>\n<h1>8.8 \/ 10<\/h1>\n<h6>Unsere Bewertung<\/h6>\n<p>\t\t\t\t\t\t<i>&#xE934;<\/i><i>&#xE934;<\/i><i>&#xE934;<\/i><i>&#xE934;<\/i><i>&#xE934;<\/i> 4.4\/5\t\t<\/p>\n<p style=\"text-align: center;\"><strong> Ideales Alter<\/strong><br \/><strong>30+<\/strong><\/p>\n<p>\t\t\t<a href=\"https:\/\/lovequest24.de\/go\/lemonswan-de\/\" target=\"_blank\" role=\"button\" rel=\"noopener noreferrer\"><br \/>\n\t\t\t\t\t\tKostenlos<br \/>Anmelden<br \/>\n\t\t\t\t\t<\/a><\/p>\n<h6><a href=\"https:\/\/lovequest24.de\/go\/lemonswan-de\/\" target=\"_blank\" rel=\"noopener noreferrer\">LemonSwan\u200b >><\/a><\/h6>\n<p>\t\t\t\t\t\t\t\t\t\t\t<a href=\"https:\/\/lovequest24.de\/go\/zweisam-de\/\" target=\"_blank\" rel=\"noopener noreferrer\"><br \/>\n\t\t\t\t\t\t\t<img loading=\"lazy\" decoding=\"async\" width=\"300\" height=\"300\" src=\"http:\/\/datingexpert.eu\/wp-content\/uploads\/2020\/07\/zweisam_300x300-300x300.png\" alt=\"\" srcset=\"http:\/\/datingexpert.eu\/wp-content\/uploads\/2020\/07\/zweisam_300x300.png 300w, http:\/\/datingexpert.eu\/wp-content\/uploads\/2020\/07\/zweisam_300x300-150x150.png 150w, http:\/\/datingexpert.eu\/wp-content\/uploads\/2020\/07\/zweisam_300x300-80x80.png 80w, http:\/\/datingexpert.eu\/wp-content\/uploads\/2020\/07\/zweisam_300x300-250x250.png 250w, http:\/\/datingexpert.eu\/wp-content\/uploads\/2020\/07\/zweisam_300x300-132x133.png 132w\" sizes=\"(max-width: 300px) 100vw, 300px\" \/>\t\t\t\t\t\t\t\t<\/a><\/p>\n<h2><a href=\"https:\/\/lovequest24.de\/go\/zweisam-de\/\" target=\"_blank\" rel=\"noopener noreferrer\">Zweisam<\/a><\/h2>\n<li>Zweisam. Die Partnersuche f\u00fcr junge Singles \u00fcber 50.<\/li>\n<li>Zahlreiche M\u00f6glichkeiten, jemanden kennenzulernen: online treffen und Au\u00dferdem im echten Leben auf Veranstaltungen<\/li>\n<h1>7.5 \/ 10<\/h1>\n<h6>Unsere Bewertung<\/h6>\n<p>\t\t\t\t\t\t<i>&#xE934;<\/i><i>&#xE934;<\/i><i>&#xE934;<\/i><i>&#xE934;<\/i><i>&#xE934;<\/i> 3.7\/5\t\t<\/p>\n<p style=\"text-align: center;\"><strong> Ideales Alter<\/strong><br \/><strong>50+<\/strong><\/p>\n<p>\t\t\t<a href=\"https:\/\/lovequest24.de\/go\/zweisam-de\/\" target=\"_blank\" role=\"button\" rel=\"noopener noreferrer\"><br \/>\n\t\t\t\t\t\tKostenlos<br \/>Anmelden<br \/>\n\t\t\t\t\t<\/a><\/p>\n<h6><a href=\"https:\/\/lovequest24.de\/go\/zweisam-de\/\" target=\"_blank\" rel=\"noopener noreferrer\">Zweisam >><\/a><\/h6>\n<p>\t\t\t\t\t\t\t\t\t\t\t<a href=\"https:\/\/lovequest24.de\/go\/singletreffen-de\/\" target=\"_blank\" rel=\"noopener noreferrer\"><br \/>\n\t\t\t\t\t\t\t<img loading=\"lazy\" decoding=\"async\" width=\"300\" height=\"155\" src=\"http:\/\/datingexpert.eu\/wp-content\/uploads\/2020\/07\/Singletreffen-300x155.jpg\" alt=\"\" srcset=\"http:\/\/datingexpert.eu\/wp-content\/uploads\/2020\/07\/Singletreffen-300x155.jpg 300w, http:\/\/datingexpert.eu\/wp-content\/uploads\/2020\/07\/Singletreffen.jpg 390w\" sizes=\"(max-width: 300px) 100vw, 300px\" \/>\t\t\t\t\t\t\t\t<\/a><\/p>\n<h2><a href=\"https:\/\/lovequest24.de\/go\/singletreffen-de\/\" target=\"_blank\" rel=\"noopener noreferrer\">Singletreffen.de<\/a><\/h2>\n<li>Seri\u00f6ses Online-Dating<\/li>\n<li>Speed-Dating<\/li>\n<li>+ 500.000 Mitglieder<\/li>\n<li>Jedes Profil handgepr\u00fcft<\/li>\n<h1>7.4 \/ 10<\/h1>\n<h6>Unsere Bewertung<\/h6>\n<p>\t\t\t\t\t\t<i>&#xE934;<\/i><i>&#xE934;<\/i><i>&#xE934;<\/i><i>&#xE934;<\/i><i>&#xE934;<\/i> 3.7\/5\t\t<\/p>\n<p style=\"text-align: center;\"><strong> Ideales Alter<\/strong><br \/><strong>25+<\/strong><\/p>\n<p>\t\t\t<a href=\"https:\/\/lovequest24.de\/go\/singletreffen-de\/\" target=\"_blank\" role=\"button\" rel=\"noopener noreferrer\"><br \/>\n\t\t\t\t\t\tKostenlos<br \/>Anmelden<br \/>\n\t\t\t\t\t<\/a><\/p>\n<h6><a href=\"https:\/\/lovequest24.de\/go\/singletreffen-de\/\" target=\"_blank\" rel=\"noopener noreferrer\">Singletreffen.de >><\/a><\/h6>\n<p>\t\t\t\t\t\t\t\t\t\t\t<a href=\"https:\/\/lovequest24.de\/go\/lebensfreunde-de\/\" target=\"_blank\" rel=\"noopener noreferrer\"><br \/>\n\t\t\t\t\t\t\t<img loading=\"lazy\" decoding=\"async\" width=\"300\" height=\"300\" src=\"http:\/\/datingexpert.eu\/wp-content\/uploads\/2020\/07\/lebensfreunde_300x300-300x300.png\" alt=\"\" srcset=\"http:\/\/datingexpert.eu\/wp-content\/uploads\/2020\/07\/lebensfreunde_300x300.png 300w, http:\/\/datingexpert.eu\/wp-content\/uploads\/2020\/07\/lebensfreunde_300x300-150x150.png 150w, http:\/\/datingexpert.eu\/wp-content\/uploads\/2020\/07\/lebensfreunde_300x300-80x80.png 80w, http:\/\/datingexpert.eu\/wp-content\/uploads\/2020\/07\/lebensfreunde_300x300-250x250.png 250w, http:\/\/datingexpert.eu\/wp-content\/uploads\/2020\/07\/lebensfreunde_300x300-132x133.png 132w\" sizes=\"(max-width: 300px) 100vw, 300px\" \/>\t\t\t\t\t\t\t\t<\/a><\/p>\n<h2><a href=\"https:\/\/lovequest24.de\/go\/lebensfreunde-de\/\" target=\"_blank\" rel=\"noopener noreferrer\">Lebensfreunde<\/a><\/h2>\n<li>Bietet 50+ Menschen eine Plattform f\u00fcr Gleichgesinnte auf der Suche nach Freundschaft und Romanzen.<\/li>\n<li>Passende Kontakte in der N\u00e4he<\/li>\n<li>Gepr\u00fcfte Profile<\/li>\n<li>Qualifizierter Kundenservice<\/li>\n<h1>7.4 \/ 10<\/h1>\n<h6>Unsere Bewertung<\/h6>\n<p>\t\t\t\t\t\t<i>&#xE934;<\/i><i>&#xE934;<\/i><i>&#xE934;<\/i><i>&#xE934;<\/i><i>&#xE934;<\/i> 3.7\/5\t\t<\/p>\n<p style=\"text-align: center;\"><strong> Ideales Alter<\/strong><br \/><strong>50+<\/strong><\/p>\n<p>\t\t\t<a href=\"https:\/\/lovequest24.de\/go\/lebensfreunde-de\/\" target=\"_blank\" role=\"button\" rel=\"noopener noreferrer\"><br \/>\n\t\t\t\t\t\tKostenlos<br \/>Anmelden<br \/>\n\t\t\t\t\t<\/a><\/p>\n<h6><a href=\"https:\/\/lovequest24.de\/go\/lebensfreunde-de\/\" target=\"_blank\" rel=\"noopener noreferrer\">Lebensfreunde >><\/a><\/h6>\n<p>\t\tDie Welt des Online-Dating wird immer mehr von reifen Singles erobert. Egal, ob Sie nach langer Pause wieder\u00a0auf Partnersuche\u00a0sind oder sich eher\u00a0etwas Unverbindliches w\u00fcnschen, wir helfen Ihnen gerne, die richtige Dating-Website f\u00fcr Ihre Bed\u00fcrfnisse zu finden und vergleichen f\u00fcr Sie die Funktionen und Preise. So\u00a0sind Sie auf dem richtigen Weg, das\u00a0zu finden, nachdem Sie suchen.<\/p>\n","protected":false},"excerpt":{"rendered":"<p>Parship Die Nr.1 Partnerb\u00f6rse\u00a0f\u00fcr 30+ Mehr als 23.000 neue Mitglieder pro Woche 38% findet hier einen Partner Deutschlands beliebteste Partnervermittlung 85% sind \u00e4lter als 30 Jahre 9.8 \/ 10 Unsere Bewertung &#xE934;&#xE934;&#xE934;&#xE934;&#xE934; 4.9\/5 Ideales Alter30+ KostenlosAnmelden Parship >> Elite Partner Die Wahl f\u00fcr &#8216;Premium&#8217; Online-Dating Seri\u00f6se und ehrgeizige Singles Jeden Monat registrieren sich mehr als [&hellip;]<\/p>\n","protected":false},"author":1,"featured_media":0,"parent":0,"menu_order":0,"comment_status":"closed","ping_status":"closed","template":"elementor_header_footer","meta":{"footnotes":""},"_links":{"self":[{"href":"https:\/\/datingexpert.eu\/de\/wp-json\/wp\/v2\/pages\/68"}],"collection":[{"href":"https:\/\/datingexpert.eu\/de\/wp-json\/wp\/v2\/pages"}],"about":[{"href":"https:\/\/datingexpert.eu\/de\/wp-json\/wp\/v2\/types\/page"}],"author":[{"embeddable":true,"href":"https:\/\/datingexpert.eu\/de\/wp-json\/wp\/v2\/users\/1"}],"replies":[{"embeddable":true,"href":"https:\/\/datingexpert.eu\/de\/wp-json\/wp\/v2\/comments?post=68"}],"version-history":[{"count":5,"href":"https:\/\/datingexpert.eu\/de\/wp-json\/wp\/v2\/pages\/68\/revisions"}],"predecessor-version":[{"id":45836,"href":"https:\/\/datingexpert.eu\/de\/wp-json\/wp\/v2\/pages\/68\/revisions\/45836"}],"wp:attachment":[{"href":"https:\/\/datingexpert.eu\/de\/wp-json\/wp\/v2\/media?parent=68"}],"curies":[{"name":"wp","href":"https:\/\/api.w.org\/{rel}","templated":true}]}}