{"id":72,"date":"2019-03-01T12:17:03","date_gmt":"2019-03-01T11:17:03","guid":{"rendered":"https:\/\/lovequest24.de\/?page_id=72"},"modified":"2020-07-27T14:15:50","modified_gmt":"2020-07-27T12:15:50","slug":"casual-dating-deutschland","status":"publish","type":"page","link":"https:\/\/datingexpert.eu\/de\/casual-dating-deutschland\/","title":{"rendered":"Casual Dating"},"content":{"rendered":"<p><a href=\"https:\/\/lovequest24.de\/go\/secret-de\/\" target=\"_blank\" rel=\"noopener noreferrer\"><br \/>\n\t\t\t\t\t\t\t<img loading=\"lazy\" decoding=\"async\" width=\"105\" height=\"44\" src=\"http:\/\/datingexpert.eu\/wp-content\/uploads\/2020\/07\/secret.png\" alt=\"\" \/>\t\t\t\t\t\t\t\t<\/a><\/p>\n<h2><a href=\"https:\/\/lovequest24.de\/go\/secret-de\/\" target=\"_blank\" rel=\"noopener noreferrer\">Secret.de<\/a><\/h2>\n<li>Mehr als <strong>1.000.000 Mitglieder<\/strong> treffen sich bei Secret auf der Suche nach zwanglosen Flirts, sinnlichen Dates oder einer Freundschaft Plus.<\/li>\n<li>Secret steht f\u00fcr Zweisamkeit ohne Verpflichtungen. Genauso unverbindlich kannst Du Dich auf diesem Portal umsehen<\/li>\n<li>Niveauvolle Kontakte<\/li>\n<li>Anonym und sicher<\/li>\n<h1>8.5 \/ 10<\/h1>\n<h6>Unsere Bewertung<\/h6>\n<p>\t\t\t\t\t\t<i>&#xE934;<\/i><i>&#xE934;<\/i><i>&#xE934;<\/i><i>&#xE934;<\/i><i>&#xE934;<\/i> 4.2\/5<br \/>\n\t\t\t<a href=\"https:\/\/lovequest24.de\/go\/secret-de\/\" target=\"_blank\" role=\"button\" rel=\"noopener noreferrer\"><br \/>\n\t\t\t\t\t\tKostenlos<br \/>Anmelden<br \/>\n\t\t\t\t\t<\/a><\/p>\n<h6><a href=\"https:\/\/lovequest24.de\/go\/secret-de\/\" target=\"_blank\" rel=\"noopener noreferrer\">Secret.de >><\/a><\/h6>\n<p>\t\t\t\t\t\t\t\t\t\t\t<a href=\"https:\/\/lovequest24.de\/go\/lovepoint\/\" target=\"_blank\" rel=\"noopener noreferrer\"><br \/>\n\t\t\t\t\t\t\t<img loading=\"lazy\" decoding=\"async\" width=\"300\" height=\"299\" src=\"http:\/\/datingexpert.eu\/wp-content\/uploads\/2020\/07\/lovepoint_300x300.png\" alt=\"\" srcset=\"http:\/\/datingexpert.eu\/wp-content\/uploads\/2020\/07\/lovepoint_300x300.png 300w, http:\/\/datingexpert.eu\/wp-content\/uploads\/2020\/07\/lovepoint_300x300-150x150.png 150w, http:\/\/datingexpert.eu\/wp-content\/uploads\/2020\/07\/lovepoint_300x300-80x80.png 80w, http:\/\/datingexpert.eu\/wp-content\/uploads\/2020\/07\/lovepoint_300x300-250x250.png 250w, http:\/\/datingexpert.eu\/wp-content\/uploads\/2020\/07\/lovepoint_300x300-132x133.png 132w\" sizes=\"(max-width: 300px) 100vw, 300px\" \/>\t\t\t\t\t\t\t\t<\/a><\/p>\n<h2><a href=\"https:\/\/lovequest24.de\/go\/lovepoint\/\" target=\"_blank\" rel=\"noopener noreferrer\">Lovepoint<\/a><\/h2>\n<li><strong>Partnersuche gezielt nach Ihren Bed\u00fcrfnissen<\/strong><\/li>\n<li>Mehr als 3,5 Millionen erfolgreiche Partnervermittlungen<\/li>\n<li>\u00dcber 600.000 Mitglieder (April 2019)<\/li>\n<li>T\u00dcV zertifizierter Datenschutz<\/li>\n<h1>8.1 \/ 10<\/h1>\n<h6>Unsere Bewertung<\/h6>\n<p>\t\t\t\t\t\t<i>&#xE934;<\/i><i>&#xE934;<\/i><i>&#xE934;<\/i><i>&#xE934;<\/i><i>&#xE934;<\/i> 4\/5<br \/>\n\t\t\t<a href=\"https:\/\/lovequest24.de\/go\/lovepoint\/\" target=\"_blank\" role=\"button\" rel=\"noopener noreferrer\"><br \/>\n\t\t\t\t\t\tKostenlos<br \/>Anmelden<br \/>\n\t\t\t\t\t<\/a><\/p>\n<h6><a href=\"https:\/\/lovequest24.de\/go\/lovepoint\/\" target=\"_blank\" rel=\"noopener noreferrer\">Lovepoint >><\/a><\/h6>\n<p>\t\t\t\t\t\t\t\t\t\t\t<a href=\"https:\/\/lovequest24.de\/go\/c-date-de\/\" target=\"_blank\" rel=\"noopener noreferrer\"><br \/>\n\t\t\t\t\t\t\t<img loading=\"lazy\" decoding=\"async\" width=\"300\" height=\"300\" src=\"http:\/\/datingexpert.eu\/wp-content\/uploads\/2020\/07\/cdate_300x300-300x300.jpg\" alt=\"\" srcset=\"http:\/\/datingexpert.eu\/wp-content\/uploads\/2020\/07\/cdate_300x300.jpg 300w, http:\/\/datingexpert.eu\/wp-content\/uploads\/2020\/07\/cdate_300x300-150x150.jpg 150w, http:\/\/datingexpert.eu\/wp-content\/uploads\/2020\/07\/cdate_300x300-80x80.jpg 80w, http:\/\/datingexpert.eu\/wp-content\/uploads\/2020\/07\/cdate_300x300-250x250.jpg 250w, http:\/\/datingexpert.eu\/wp-content\/uploads\/2020\/07\/cdate_300x300-132x133.jpg 132w\" sizes=\"(max-width: 300px) 100vw, 300px\" \/>\t\t\t\t\t\t\t\t<\/a><\/p>\n<h2><a href=\"https:\/\/lovequest24.de\/go\/c-date-de\/\" target=\"_blank\" rel=\"noopener noreferrer\">C-date<\/a><\/h2>\n<li>Besondere Begegnungen, die gl\u00fccklich machen\u2026 mehr als nur ein Date.<br \/>\n<b><\/b><\/li>\n<li><b>Prickelnde Dates!<\/b><\/li>\n<li>Finden Sie bei C-Date den passenden Partner f\u00fcr besondere Treffen, gemeinsame Stunden und N\u00e4chte voller Gl\u00fccksmomente.<\/li>\n<li>C-Date ist diskret, niveauvoll und seri\u00f6s.<\/li>\n<h1>7.5 \/ 10<\/h1>\n<h6>Unsere Bewertung<\/h6>\n<p>\t\t\t\t\t\t<i>&#xE934;<\/i><i>&#xE934;<\/i><i>&#xE934;<\/i><i>&#xE934;<\/i><i>&#xE934;<\/i> 3.7\/5<br \/>\n\t\t\t<a href=\"https:\/\/lovequest24.de\/go\/c-date-de\/\" target=\"_blank\" role=\"button\" rel=\"noopener noreferrer\"><br \/>\n\t\t\t\t\t\tKostenlos<br \/>Anmelden<br \/>\n\t\t\t\t\t<\/a><\/p>\n<h6><a href=\"https:\/\/lovequest24.de\/go\/c-date-de\/\" target=\"_blank\" rel=\"noopener noreferrer\">C-date >><\/a><\/h6>\n<p>\t\t\t\t\t\t\t\t\t\t\t<a href=\"https:\/\/lovequest24.de\/go\/first-affair\/\" target=\"_blank\" rel=\"noopener noreferrer\"><br \/>\n\t\t\t\t\t\t\t<img loading=\"lazy\" decoding=\"async\" width=\"150\" height=\"150\" src=\"http:\/\/datingexpert.eu\/wp-content\/uploads\/2020\/07\/firstaffair_150x150.jpg\" alt=\"\" srcset=\"http:\/\/datingexpert.eu\/wp-content\/uploads\/2020\/07\/firstaffair_150x150.jpg 150w, http:\/\/datingexpert.eu\/wp-content\/uploads\/2020\/07\/firstaffair_150x150-80x80.jpg 80w, http:\/\/datingexpert.eu\/wp-content\/uploads\/2020\/07\/firstaffair_150x150-132x133.jpg 132w\" sizes=\"(max-width: 150px) 100vw, 150px\" \/>\t\t\t\t\t\t\t\t<\/a><\/p>\n<h2><a href=\"https:\/\/lovequest24.de\/go\/first-affair\/\" target=\"_blank\" rel=\"noopener noreferrer\">First Affair<\/a><\/h2>\n<li>Auf First Affair k\u00f6nnen Sie Kontakt zu Frauen, M\u00e4nnern und Paaren mit gleichen Interessen und Vorstellungen f\u00fcr ein erotisches Abenteuer oder Seitensprung aufnehmen.<\/li>\n<h1>7.3 \/ 10<\/h1>\n<h6>Unsere Bewertung<\/h6>\n<p>\t\t\t\t\t\t<i>&#xE934;<\/i><i>&#xE934;<\/i><i>&#xE934;<\/i><i>&#xE934;<\/i><i>&#xE934;<\/i> 3.6\/5<br \/>\n\t\t\t<a href=\"https:\/\/lovequest24.de\/go\/first-affair\/\" target=\"_blank\" role=\"button\" rel=\"noopener noreferrer\"><br \/>\n\t\t\t\t\t\tKostenlos<br \/>Anmelden<br \/>\n\t\t\t\t\t<\/a><\/p>\n<h6><a href=\"https:\/\/lovequest24.de\/go\/first-affair\/\" target=\"_blank\" rel=\"noopener noreferrer\">First Affair >><\/a><\/h6>\n<p>\t\t\t\t\t\t\t\t\t\t\t<a href=\"https:\/\/lovequest24.de\/go\/first-casual\/\" target=\"_blank\" rel=\"noopener noreferrer\"><br \/>\n\t\t\t\t\t\t\t<img loading=\"lazy\" decoding=\"async\" width=\"120\" height=\"40\" src=\"http:\/\/datingexpert.eu\/wp-content\/uploads\/2020\/07\/12088-2.gif\" alt=\"\" \/>\t\t\t\t\t\t\t\t<\/a><\/p>\n<h2><a href=\"https:\/\/lovequest24.de\/go\/first-casual\/\" target=\"_blank\" rel=\"noopener noreferrer\">First Casual<\/a><\/h2>\n<li>Sie entscheiden selbst, was Sie von sich preisgeben und was nicht.<\/li>\n<li>Nach der Anmeldung bekommen Sie sofort exklusive Kontaktvorschl\u00e4ge, anhand Ihrer Suchkriterien und erotischen Vorlieben.<\/li>\n<h1>7.3 \/ 10<\/h1>\n<h6>Unsere Bewertung<\/h6>\n<p>\t\t\t\t\t\t<i>&#xE934;<\/i><i>&#xE934;<\/i><i>&#xE934;<\/i><i>&#xE934;<\/i><i>&#xE934;<\/i> 3.6\/5<br \/>\n\t\t\t<a href=\"https:\/\/lovequest24.de\/go\/first-casual\/\" target=\"_blank\" role=\"button\" rel=\"noopener noreferrer\"><br \/>\n\t\t\t\t\t\tKostenlos<br \/>Anmelden<br \/>\n\t\t\t\t\t<\/a><\/p>\n<h6><a href=\"https:\/\/lovequest24.de\/go\/first-casual\/\" target=\"_blank\" rel=\"noopener noreferrer\">First Casual >><\/a><\/h6>\n<p>\t\t\t\t\t\t\t\t\t\t\t<a href=\"https:\/\/lovequest24.de\/go\/victoria-milan-de\/\" target=\"_blank\" rel=\"noopener noreferrer\"><br \/>\n\t\t\t\t\t\t\t<img loading=\"lazy\" decoding=\"async\" width=\"150\" height=\"150\" src=\"http:\/\/datingexpert.eu\/wp-content\/uploads\/2020\/07\/victoriamilan_300x300-150x150.png\" alt=\"\" srcset=\"http:\/\/datingexpert.eu\/wp-content\/uploads\/2020\/07\/victoriamilan_300x300-150x150.png 150w, http:\/\/datingexpert.eu\/wp-content\/uploads\/2020\/07\/victoriamilan_300x300.png 300w, http:\/\/datingexpert.eu\/wp-content\/uploads\/2020\/07\/victoriamilan_300x300-80x80.png 80w, http:\/\/datingexpert.eu\/wp-content\/uploads\/2020\/07\/victoriamilan_300x300-250x250.png 250w, http:\/\/datingexpert.eu\/wp-content\/uploads\/2020\/07\/victoriamilan_300x300-132x133.png 132w\" sizes=\"(max-width: 150px) 100vw, 150px\" \/>\t\t\t\t\t\t\t\t<\/a><\/p>\n<h2><a href=\"https:\/\/lovequest24.de\/go\/victoria-milan-de\/\" target=\"_blank\" rel=\"noopener noreferrer\">Victoria Milan<\/a><\/h2>\n<li><b>Victoria Milan<\/b> bietet m\u00e4nnlichen und weiblichen Usern, die sich in einer Ehe oder Partnerschaft befinden in bereits mehr als 20 L\u00e4ndern weltweit die M\u00f6glichkeit, die passende Aff\u00e4re vor Ort zu finden, um ihren Partner diskret zu betr\u00fcgen.<\/li>\n<li><b>Victoria Milan<\/b> behandelt Ihre Aff\u00e4re streng vertraulich!<\/li>\n<h1>7.1 \/ 10<\/h1>\n<h6>Unsere Bewertung<\/h6>\n<p>\t\t\t\t\t\t<i>&#xE934;<\/i><i>&#xE934;<\/i><i>&#xE934;<\/i><i>&#xE934;<\/i><i>&#xE934;<\/i> 3.5\/5<br \/>\n\t\t\t<a href=\"https:\/\/lovequest24.de\/go\/victoria-milan-de\/\" target=\"_blank\" role=\"button\" rel=\"noopener noreferrer\"><br \/>\n\t\t\t\t\t\tKostenlos<br \/>Anmelden<br \/>\n\t\t\t\t\t<\/a><\/p>\n<h6><a href=\"https:\/\/lovequest24.de\/go\/victoria-milan-de\/\" target=\"_blank\" rel=\"noopener noreferrer\">Victoria Milan >><\/a><\/h6>\n<p>\t\t\t\t\t\t\t\t\t\t\t<a href=\"https:\/\/www.meet2cheat.de\" target=\"_blank\" rel=\"noopener noreferrer\"><br \/>\n\t\t\t\t\t\t\t<img loading=\"lazy\" decoding=\"async\" width=\"300\" height=\"300\" src=\"http:\/\/datingexpert.eu\/wp-content\/uploads\/2020\/07\/meet2cheat_300x300-300x300.jpg\" alt=\"\" srcset=\"http:\/\/datingexpert.eu\/wp-content\/uploads\/2020\/07\/meet2cheat_300x300.jpg 300w, http:\/\/datingexpert.eu\/wp-content\/uploads\/2020\/07\/meet2cheat_300x300-150x150.jpg 150w, http:\/\/datingexpert.eu\/wp-content\/uploads\/2020\/07\/meet2cheat_300x300-80x80.jpg 80w, http:\/\/datingexpert.eu\/wp-content\/uploads\/2020\/07\/meet2cheat_300x300-250x250.jpg 250w, http:\/\/datingexpert.eu\/wp-content\/uploads\/2020\/07\/meet2cheat_300x300-132x133.jpg 132w\" sizes=\"(max-width: 300px) 100vw, 300px\" \/>\t\t\t\t\t\t\t\t<\/a><\/p>\n<h2><a href=\"https:\/\/lovequest24.de\/go\/meet2cheat\/\" target=\"_blank\" rel=\"noopener noreferrer\">Meet2cheat<\/a><\/h2>\n<li>meet2cheat ist die \u00e4lteste und gr\u00f6\u00dfte Seitensprungagentur im Internet<\/li>\n<li>F\u00fcr einen anonym und diskret organisierten Seitensprung!<\/li>\n<h1>6.8 \/ 10<\/h1>\n<h6>Unsere Bewertung<\/h6>\n<p>\t\t\t\t\t\t<i>&#xE934;<\/i><i>&#xE934;<\/i><i>&#xE934;<\/i><i>&#xE934;<\/i><i>&#xE934;<\/i> 3.4\/5<br \/>\n\t\t\t<a href=\"https:\/\/lovequest24.de\/go\/meet2cheat\/\" target=\"_blank\" role=\"button\" rel=\"noopener noreferrer\"><br \/>\n\t\t\t\t\t\tKostenlos<br \/>Anmelden<br \/>\n\t\t\t\t\t<\/a><\/p>\n<h6><a href=\"https:\/\/lovequest24.de\/go\/meet2cheat\/\" target=\"_blank\" rel=\"noopener noreferrer\">Meet2cheat >><\/a><\/h6>\n<p>\t\t\t\t\t\t\t\t\t\t\t<a href=\"https:\/\/lovequest24.de\/go\/ashley-madison-de\/\" target=\"_blank\" rel=\"noopener noreferrer\"><br \/>\n\t\t\t\t\t\t\t<img loading=\"lazy\" decoding=\"async\" width=\"300\" height=\"300\" src=\"http:\/\/datingexpert.eu\/wp-content\/uploads\/2020\/07\/ashleymadison_300x300-300x300.jpg\" alt=\"\" srcset=\"http:\/\/datingexpert.eu\/wp-content\/uploads\/2020\/07\/ashleymadison_300x300.jpg 300w, http:\/\/datingexpert.eu\/wp-content\/uploads\/2020\/07\/ashleymadison_300x300-150x150.jpg 150w, http:\/\/datingexpert.eu\/wp-content\/uploads\/2020\/07\/ashleymadison_300x300-80x80.jpg 80w, http:\/\/datingexpert.eu\/wp-content\/uploads\/2020\/07\/ashleymadison_300x300-250x250.jpg 250w, http:\/\/datingexpert.eu\/wp-content\/uploads\/2020\/07\/ashleymadison_300x300-132x133.jpg 132w\" sizes=\"(max-width: 300px) 100vw, 300px\" \/>\t\t\t\t\t\t\t\t<\/a><\/p>\n<h2><a href=\"https:\/\/lovequest24.de\/go\/ashley-madison-de\/\" target=\"_blank\" rel=\"noopener noreferrer\">Ashley Madison<\/a><\/h2>\n<li><strong>Life is short.<\/strong> Have an affair.<\/li>\n<h1>6.5 \/ 10<\/h1>\n<h6>Unsere Bewertung<\/h6>\n<p>\t\t\t\t\t\t<i>&#xE934;<\/i><i>&#xE934;<\/i><i>&#xE934;<\/i><i>&#xE934;<\/i><i>&#xE934;<\/i> 3.2\/5<br \/>\n\t\t\t<a href=\"https:\/\/lovequest24.de\/go\/ashley-madison-de\/\" target=\"_blank\" role=\"button\" rel=\"noopener noreferrer\"><br \/>\n\t\t\t\t\t\tKostenlos<br \/>Anmelden<br \/>\n\t\t\t\t\t<\/a><\/p>\n<h6><a href=\"https:\/\/lovequest24.de\/go\/ashley-madison-de\/\" target=\"_blank\" rel=\"noopener noreferrer\">Ashley Madison >><\/a><\/h6>\n<p>Casual Dating bietet eine perfekte M\u00f6glichkeit, sich den Wunsch nach <b>lockeren Dates und unverbindlicher Zweisamkeit<\/b> zu erf\u00fcllen. Vor allem Frauen geben an, die Vorteile des Casual Datings zu sch\u00e4tzen und dass ihr Leben aufregender geworden ist.<\/p>\n<p><b>Was also ist Casual Dating?\u00a0<\/b>Vereinfacht geht es, wie das Wort \u201ecasual\u201c schon sagt, um eine Beziehung, die frei von Verpflichtungen ist. Alles kann, nichts muss. Sie k\u00f6nnen auf eine spannende Entdeckungsreise mit Gleichgesinnten gehen und ihre geheimen W\u00fcnsche wahr werden lassen.<\/p>\n<p>Beim Casual Dating trifft Unverbindlichkeit auf Zweisamkeit. Gemeinsame W\u00fcnsche und Phantasien sind die Basis f\u00fcr sinnliche Dates, aus denen mehr werden kann. Dabei spielt es keine Rolle, ob es beim einmaligen Treffen bleibt oder ob eine Fortsetzung folgt. Der Reiz liegt in der <b>zwanglosen Zweisamkeit<\/b>.<\/p>\n<p style=\"text-align: center;\">Hier finden Sie niveauvolle Kontakte f\u00fcr sinnliche Dates und unkomplizierte Zweisamkeit.<\/p>\n","protected":false},"excerpt":{"rendered":"<p>Secret.de Mehr als 1.000.000 Mitglieder treffen sich bei Secret auf der Suche nach zwanglosen Flirts, sinnlichen Dates oder einer Freundschaft Plus. Secret steht f\u00fcr Zweisamkeit ohne Verpflichtungen. Genauso unverbindlich kannst Du Dich auf diesem Portal umsehen Niveauvolle Kontakte Anonym und sicher 8.5 \/ 10 Unsere Bewertung &#xE934;&#xE934;&#xE934;&#xE934;&#xE934; 4.2\/5 KostenlosAnmelden Secret.de >> Lovepoint Partnersuche gezielt nach [&hellip;]<\/p>\n","protected":false},"author":1,"featured_media":0,"parent":0,"menu_order":0,"comment_status":"closed","ping_status":"closed","template":"elementor_header_footer","meta":{"footnotes":""},"_links":{"self":[{"href":"https:\/\/datingexpert.eu\/de\/wp-json\/wp\/v2\/pages\/72"}],"collection":[{"href":"https:\/\/datingexpert.eu\/de\/wp-json\/wp\/v2\/pages"}],"about":[{"href":"https:\/\/datingexpert.eu\/de\/wp-json\/wp\/v2\/types\/page"}],"author":[{"embeddable":true,"href":"https:\/\/datingexpert.eu\/de\/wp-json\/wp\/v2\/users\/1"}],"replies":[{"embeddable":true,"href":"https:\/\/datingexpert.eu\/de\/wp-json\/wp\/v2\/comments?post=72"}],"version-history":[{"count":5,"href":"https:\/\/datingexpert.eu\/de\/wp-json\/wp\/v2\/pages\/72\/revisions"}],"predecessor-version":[{"id":45837,"href":"https:\/\/datingexpert.eu\/de\/wp-json\/wp\/v2\/pages\/72\/revisions\/45837"}],"wp:attachment":[{"href":"https:\/\/datingexpert.eu\/de\/wp-json\/wp\/v2\/media?parent=72"}],"curies":[{"name":"wp","href":"https:\/\/api.w.org\/{rel}","templated":true}]}}