{"id":43089,"date":"2019-03-04T02:50:19","date_gmt":"2019-03-04T02:50:19","guid":{"rendered":"https:\/\/scoutrencontre.fr\/?page_id=9"},"modified":"2020-07-27T14:18:43","modified_gmt":"2020-07-27T12:18:43","slug":"site-rencontre-top-10-france","status":"publish","type":"page","link":"https:\/\/datingexpert.eu\/fr\/","title":{"rendered":"Site Rencontre Top 10 France"},"content":{"rendered":"<h2>Site Rencontre Top 10 en France<\/h2>\n<p><b>Les meilleurs Sites de Rencontres 2020<br \/><\/b>Vous cherchez un site de rencontre en lequel vous pouvez avoir confiance? Alors vous \u00eates \u00e0 la bonne adresse. Nos experts ont test\u00e9 la s\u00e9curit\u00e9, la qualit\u00e9 des profils et les taux de r\u00e9ussite de tous les principaux sites. Vous pouvez voir les r\u00e9sultats ici. Testez les meilleurs sites de rencontre gratuitement! &#8230;<\/p>\n<p>\t\t\t\t\t\t\t\t\t\t\t<a href=\"https:\/\/scoutrencontre.fr\/go\/parship-fr\/\" target=\"_blank\" rel=\"noopener noreferrer\"><br \/>\n\t\t\t\t\t\t\t<img loading=\"lazy\" decoding=\"async\" width=\"242\" height=\"245\" src=\"http:\/\/datingexpert.eu\/wp-content\/uploads\/2020\/07\/parship_245x245.jpg\" alt=\"\" srcset=\"http:\/\/datingexpert.eu\/wp-content\/uploads\/2020\/07\/parship_245x245.jpg 242w, http:\/\/datingexpert.eu\/wp-content\/uploads\/2020\/07\/parship_245x245-80x80.jpg 80w, http:\/\/datingexpert.eu\/wp-content\/uploads\/2020\/07\/parship_245x245-132x133.jpg 132w\" sizes=\"(max-width: 242px) 100vw, 242px\" \/>\t\t\t\t\t\t\t\t<\/a><\/p>\n<h2><a href=\"https:\/\/scoutrencontre.fr\/go\/parship-fr\/\" target=\"_blank\" rel=\"noopener noreferrer\">Parship<\/a><\/h2>\n<ul>\n<li>Le <strong>Nr.1 site de rencontre<\/strong>\u00a0pour les <b>30+<\/b><\/li>\n<li><strong>1 sur 3<\/strong> trouve un partenaire ici<\/li>\n<li><b>51% Femmes &#8211; 49% Hommes<\/b><\/li>\n<li>Chaque semaine, environ <strong>28.000<\/strong> nouveaux membres<\/li>\n<\/ul>\n<h1>9.8 \/ 10<\/h1>\n<h6>Notre Analyse<\/h6>\n<p>\t\t\t\t\t\t<i>&#xE934;<\/i><i>&#xE934;<\/i><i>&#xE934;<\/i><i>&#xE934;<\/i><i>&#xE934;<\/i> 4.9\/5\t\t<\/p>\n<p style=\"text-align: center;\"><strong>\u00a0Age Id\u00e9al<\/strong><br \/><strong>30+<\/strong><\/p>\n<p>\t\t\t<a href=\"https:\/\/scoutrencontre.fr\/go\/parship-fr\/\" target=\"_blank\" role=\"button\" rel=\"noopener noreferrer\"><br \/>\n\t\t\t\t\t\tInscription<br \/>Gratuite<br \/>\n\t\t\t\t\t<\/a><\/p>\n<h6><a href=\"https:\/\/scoutrencontre.fr\/go\/parship-fr\/\" target=\"_blank\" rel=\"noopener noreferrer\">Parship >><\/a><\/h6>\n<p>\t\t\t\t\t\t\t\t\t\t\t<a href=\"https:\/\/scoutrencontre.fr\/go\/eliterencontre-fr\/\" target=\"_blank\" rel=\"noopener noreferrer\"><br \/>\n\t\t\t\t\t\t\t<img decoding=\"async\" src=\"https:\/\/scoutrencontre.fr\/wp-content\/uploads\/2019\/04\/EliteRencontre.jpg\" title=\"\" alt=\"\" \/>\t\t\t\t\t\t\t\t<\/a><\/p>\n<h2><a href=\"https:\/\/scoutrencontre.fr\/go\/eliterencontre-fr\/\" target=\"_blank\" rel=\"noopener noreferrer\">Elite Rencontre<\/a><\/h2>\n<li><strong>Taux de r\u00e9ussite \u00e9lev\u00e9<\/strong><\/li>\n<li>Le choix pour des rencontres\u00a0<strong>&#8216;Premium&#8217;<\/strong><\/li>\n<li><b>50% Femmes &#8211; 50% Hommes<\/b><\/li>\n<li><strong>+155.000<\/strong> nouveaux membres par mois<\/li>\n<h1>9.7 \/ 10<\/h1>\n<h6>Notre Analyse<\/h6>\n<p style=\"text-align: center;\"><strong> Age Id\u00e9al<\/strong><br \/><strong>25+<\/strong><\/p>\n<p>\t\t\t\t\t\t<i>&#xE934;<\/i><i>&#xE934;<\/i><i>&#xE934;<\/i><i>&#xE934;<\/i><i>&#xE934;<\/i> 4.7\/5<br \/>\n\t\t\t<a href=\"https:\/\/scoutrencontre.fr\/go\/eliterencontre-fr\/\" target=\"_blank\" role=\"button\" rel=\"noopener noreferrer\"><br \/>\n\t\t\t\t\t\tInscription<br \/>Gratuite<br \/>\n\t\t\t\t\t<\/a><\/p>\n<h6><a href=\"https:\/\/scoutrencontre.fr\/go\/eliterencontre-fr\/\" target=\"_blank\" rel=\"noopener noreferrer\">Elite Rencontre >><\/a><\/h6>\n<p>\t\t\t\t\t\t\t\t\t\t\t<a href=\"https:\/\/scoutrencontre.fr\/go\/edarling-fr\/\" target=\"_blank\" rel=\"noopener noreferrer\"><br \/>\n\t\t\t\t\t\t\t<img loading=\"lazy\" decoding=\"async\" width=\"300\" height=\"300\" src=\"http:\/\/datingexpert.eu\/wp-content\/uploads\/2020\/07\/eDarling_300x300-300x300.jpg\" alt=\"\" srcset=\"http:\/\/datingexpert.eu\/wp-content\/uploads\/2020\/07\/eDarling_300x300.jpg 300w, http:\/\/datingexpert.eu\/wp-content\/uploads\/2020\/07\/eDarling_300x300-150x150.jpg 150w, http:\/\/datingexpert.eu\/wp-content\/uploads\/2020\/07\/eDarling_300x300-80x80.jpg 80w, http:\/\/datingexpert.eu\/wp-content\/uploads\/2020\/07\/eDarling_300x300-250x250.jpg 250w, http:\/\/datingexpert.eu\/wp-content\/uploads\/2020\/07\/eDarling_300x300-132x133.jpg 132w\" sizes=\"(max-width: 300px) 100vw, 300px\" \/>\t\t\t\t\t\t\t\t<\/a><\/p>\n<h2><a href=\"https:\/\/scoutrencontre.fr\/go\/edarling-fr\/\" target=\"_blank\" rel=\"noopener noreferrer\">eDarling<\/a><\/h2>\n<li>le site a s\u00e9duit plus de 13 millions de personnes<\/li>\n<li>Test de personnalit\u00e9<\/li>\n<li>Service de qualit\u00e9<\/li>\n<h1>9.2 \/ 10<\/h1>\n<h6>Notre Analyse<\/h6>\n<p>\t\t\t\t\t\t<i>&#xE934;<\/i><i>&#xE934;<\/i><i>&#xE934;<\/i><i>&#xE934;<\/i><i>&#xE934;<\/i> 4.6\/5\t\t<\/p>\n<p style=\"text-align: center;\"><strong> Age Id\u00e9al<\/strong><br \/><strong>25+<\/strong><\/p>\n<p>\t\t\t<a href=\"https:\/\/scoutrencontre.fr\/go\/edarling-fr\/\" target=\"_blank\" role=\"button\" rel=\"noopener noreferrer\"><br \/>\n\t\t\t\t\t\tInscription<br \/>Gratuite<br \/>\n\t\t\t\t\t<\/a><\/p>\n<h6><a href=\"https:\/\/scoutrencontre.fr\/go\/edarling-fr\/\" target=\"_blank\" rel=\"noopener noreferrer\">eDarling\u200b >><\/a><\/h6>\n<p>\t\t\t\t\t\t\t\t\t\t\t<a href=\"https:\/\/scoutrencontre.fr\/go\/nosbellesannees-fr\/\" target=\"_blank\" rel=\"noopener noreferrer\"><br \/>\n\t\t\t\t\t\t\t<img loading=\"lazy\" decoding=\"async\" width=\"300\" height=\"300\" src=\"http:\/\/datingexpert.eu\/wp-content\/uploads\/2020\/07\/nos-belles-annees_300x300-300x300.jpg\" alt=\"\" srcset=\"http:\/\/datingexpert.eu\/wp-content\/uploads\/2020\/07\/nos-belles-annees_300x300.jpg 300w, http:\/\/datingexpert.eu\/wp-content\/uploads\/2020\/07\/nos-belles-annees_300x300-150x150.jpg 150w, http:\/\/datingexpert.eu\/wp-content\/uploads\/2020\/07\/nos-belles-annees_300x300-80x80.jpg 80w, http:\/\/datingexpert.eu\/wp-content\/uploads\/2020\/07\/nos-belles-annees_300x300-250x250.jpg 250w, http:\/\/datingexpert.eu\/wp-content\/uploads\/2020\/07\/nos-belles-annees_300x300-132x133.jpg 132w\" sizes=\"(max-width: 300px) 100vw, 300px\" \/>\t\t\t\t\t\t\t\t<\/a><\/p>\n<h2><a href=\"https:\/\/scoutrencontre.fr\/go\/nosbellesannees-fr\/\" target=\"_blank\" rel=\"noopener noreferrer\">NosBellesAnn\u00e9es<\/a><\/h2>\n<li>Relations s\u00e9rieuses<\/li>\n<li>Plateforme s\u00e9curis\u00e9e<\/li>\n<li>Site pour l&#8217;amiti\u00e9 et l&#8217;amour.<\/li>\n<li>Depuis 10 ans le meilleur site de rencontre pour les personnes de plus de 50 ans<\/li>\n<h1>9.1 \/ 10<\/h1>\n<h6>Notre Analyse<\/h6>\n<p>\t\t\t\t\t\t<i>&#xE934;<\/i><i>&#xE934;<\/i><i>&#xE934;<\/i><i>&#xE934;<\/i><i>&#xE934;<\/i> 4.5\/5\t\t<\/p>\n<p style=\"text-align: center;\"><strong> Age Id\u00e9al<\/strong><br \/><strong>50+<\/strong><\/p>\n<p>\t\t\t<a href=\"https:\/\/scoutrencontre.fr\/go\/nosbellesannees-fr\/\" target=\"_blank\" role=\"button\" rel=\"noopener noreferrer\"><br \/>\n\t\t\t\t\t\tInscription<br \/>Gratuite<br \/>\n\t\t\t\t\t<\/a><\/p>\n<h6><a href=\"https:\/\/scoutrencontre.fr\/go\/nosbellesannees-fr\/\" target=\"_blank\" rel=\"noopener noreferrer\">NosBellesAnn\u00e9es >><\/a><\/h6>\n<p>\t\t\t\t\t\t\t\t\t\t\t<a href=\"https:\/\/scoutrencontre.fr\/go\/meetic-fr\/\" target=\"_blank\" rel=\"noopener noreferrer\"><br \/>\n\t\t\t\t\t\t\t<img loading=\"lazy\" decoding=\"async\" width=\"300\" height=\"300\" src=\"http:\/\/datingexpert.eu\/wp-content\/uploads\/2020\/07\/meetic_300x300-300x300.jpg\" alt=\"\" srcset=\"http:\/\/datingexpert.eu\/wp-content\/uploads\/2020\/07\/meetic_300x300.jpg 300w, http:\/\/datingexpert.eu\/wp-content\/uploads\/2020\/07\/meetic_300x300-150x150.jpg 150w, http:\/\/datingexpert.eu\/wp-content\/uploads\/2020\/07\/meetic_300x300-80x80.jpg 80w, http:\/\/datingexpert.eu\/wp-content\/uploads\/2020\/07\/meetic_300x300-250x250.jpg 250w, http:\/\/datingexpert.eu\/wp-content\/uploads\/2020\/07\/meetic_300x300-132x133.jpg 132w\" sizes=\"(max-width: 300px) 100vw, 300px\" \/>\t\t\t\t\t\t\t\t<\/a><\/p>\n<h2><a href=\"https:\/\/scoutrencontre.fr\/go\/meetic-fr\/\" target=\"_blank\" rel=\"noopener noreferrer\">meetic<\/a><\/h2>\n<li>Sur internet,<strong>\u00a01 nouvelle histoire sur 4<\/strong>\u00a0commence ici<\/li>\n<li><strong>100 \u00e9v\u00e9nements<\/strong>\u00a0par mois<\/li>\n<li>Un\u00a0<strong>service \u00e0 la client\u00e8le facilement accessible<\/strong><\/li>\n<li>Des rencontres\u00a0<strong>s\u00e9rieuses<\/strong><\/li>\n<li>Inscription simplifi\u00e9e<\/li>\n<h1>9.0 \/ 10<\/h1>\n<h6>Notre Analyse<\/h6>\n<p>\t\t\t\t\t\t<i>&#xE934;<\/i><i>&#xE934;<\/i><i>&#xE934;<\/i><i>&#xE934;<\/i><i>&#xE934;<\/i> 4.5\/5\t\t<\/p>\n<p style=\"text-align: center;\"><strong> Age Id\u00e9al<\/strong><br \/><strong>25+<\/strong><\/p>\n<p>\t\t\t<a href=\"https:\/\/scoutrencontre.fr\/go\/meetic-fr\/\" target=\"_blank\" role=\"button\" rel=\"noopener noreferrer\"><br \/>\n\t\t\t\t\t\tInscription<br \/>Gratuite<br \/>\n\t\t\t\t\t<\/a><\/p>\n<h6><a href=\"https:\/\/scoutrencontre.fr\/go\/meetic-fr\/\" target=\"_blank\" rel=\"noopener noreferrer\">meetic >><\/a><\/h6>\n<p>\t\t\t\t\t\t\t\t\t\t\t<a href=\"https:\/\/scoutrencontre.fr\/go\/disonsdemain-fr\/\" target=\"_blank\" rel=\"noopener noreferrer\"><br \/>\n\t\t\t\t\t\t\t<img loading=\"lazy\" decoding=\"async\" width=\"300\" height=\"300\" src=\"http:\/\/datingexpert.eu\/wp-content\/uploads\/2020\/07\/disons-demain_300x300-300x300.gif\" alt=\"\" srcset=\"http:\/\/datingexpert.eu\/wp-content\/uploads\/2020\/07\/disons-demain_300x300-300x300.gif 300w, http:\/\/datingexpert.eu\/wp-content\/uploads\/2020\/07\/disons-demain_300x300-150x150.gif 150w, http:\/\/datingexpert.eu\/wp-content\/uploads\/2020\/07\/disons-demain_300x300-80x80.gif 80w, http:\/\/datingexpert.eu\/wp-content\/uploads\/2020\/07\/disons-demain_300x300-250x250.gif 250w, http:\/\/datingexpert.eu\/wp-content\/uploads\/2020\/07\/disons-demain_300x300-132x133.gif 132w\" sizes=\"(max-width: 300px) 100vw, 300px\" \/>\t\t\t\t\t\t\t\t<\/a><\/p>\n<h2><a href=\"https:\/\/scoutrencontre.fr\/go\/disonsdemain-fr\/\" target=\"_blank\" rel=\"noopener noreferrer\">DisonsDemain<\/a><\/h2>\n<li>Profils v\u00e9rifi\u00e9s &#038; Conseillers \u00e0 votre \u00e9coute<\/li>\n<li>Sorties et activit\u00e9s de groupe pour faire des rencontres pr\u00e8s de chez vous<\/li>\n<li>S\u00e9lection de membres partageant vos centres d\u2019int\u00e9r\u00eat<\/li>\n<li>Le site de rencontre pr\u00e9f\u00e9r\u00e9 des plus de 50 ans<\/li>\n<h1>8.9 \/ 10<\/h1>\n<h6>Notre Analyse<\/h6>\n<p>\t\t\t\t\t\t<i>&#xE934;<\/i><i>&#xE934;<\/i><i>&#xE934;<\/i><i>&#xE934;<\/i><i>&#xE934;<\/i> 4.4\/5\t\t<\/p>\n<p style=\"text-align: center;\"><strong> Age Id\u00e9al<\/strong><br \/><strong>50+<\/strong><\/p>\n<p>\t\t\t<a href=\"https:\/\/scoutrencontre.fr\/go\/disonsdemain-fr\/\" target=\"_blank\" role=\"button\" rel=\"noopener noreferrer\"><br \/>\n\t\t\t\t\t\tInscription<br \/>Gratuite<br \/>\n\t\t\t\t\t<\/a><\/p>\n<h6><a href=\"https:\/\/scoutrencontre.fr\/go\/disonsdemain-fr\/\" target=\"_blank\" rel=\"noopener noreferrer\">DisonsDemain >><\/a><\/h6>\n<p>\t\t\t\t\t\t\t\t\t\t\t<a href=\"https:\/\/scoutrencontre.fr\/go\/be2-fr\/\" target=\"_blank\" rel=\"noopener noreferrer\"><br \/>\n\t\t\t\t\t\t\t<img loading=\"lazy\" decoding=\"async\" width=\"300\" height=\"300\" src=\"http:\/\/datingexpert.eu\/wp-content\/uploads\/2020\/07\/be2_300x300-300x300.png\" alt=\"\" srcset=\"http:\/\/datingexpert.eu\/wp-content\/uploads\/2020\/07\/be2_300x300.png 300w, http:\/\/datingexpert.eu\/wp-content\/uploads\/2020\/07\/be2_300x300-150x150.png 150w, http:\/\/datingexpert.eu\/wp-content\/uploads\/2020\/07\/be2_300x300-80x80.png 80w, http:\/\/datingexpert.eu\/wp-content\/uploads\/2020\/07\/be2_300x300-250x250.png 250w, http:\/\/datingexpert.eu\/wp-content\/uploads\/2020\/07\/be2_300x300-132x133.png 132w\" sizes=\"(max-width: 300px) 100vw, 300px\" \/>\t\t\t\t\t\t\t\t<\/a><\/p>\n<h2><a href=\"https:\/\/scoutrencontre.fr\/go\/be2-fr\/\" target=\"_blank\" rel=\"noopener noreferrer\">be2<\/a><\/h2>\n<li><strong>Des profils de qualit\u00e9<\/strong>\u00a0pour faire des rencontres<\/li>\n<li>Un site qui offre une seconde chance \u00e0 l\u2019amour<\/li>\n<li>Le site recherche d\u2019autres singles qui correspondent \u00e0 votre profil.<\/li>\n<h1>8.8 \/ 10<\/h1>\n<h6>Notre Analyse<\/h6>\n<p>\t\t\t\t\t\t<i>&#xE934;<\/i><i>&#xE934;<\/i><i>&#xE934;<\/i><i>&#xE934;<\/i><i>&#xE934;<\/i> 4.4\/5\t\t<\/p>\n<p style=\"text-align: center;\"><strong> Age Id\u00e9al<\/strong><br \/><strong>25+<\/strong><\/p>\n<p>\t\t\t<a href=\"https:\/\/scoutrencontre.fr\/go\/be2-fr\/\" target=\"_blank\" role=\"button\" rel=\"noopener noreferrer\"><br \/>\n\t\t\t\t\t\tInscription<br \/>Gratuite<br \/>\n\t\t\t\t\t<\/a><\/p>\n<h6><a href=\"https:\/\/scoutrencontre.fr\/go\/be2-fr\/\" target=\"_blank\" rel=\"noopener noreferrer\">be2 >><\/a><\/h6>\n<p>\t\t\t\t\t\t\t\t\t\t\t<a href=\"https:\/\/scoutrencontre.fr\/go\/singles50-fr\/\" target=\"_blank\" rel=\"noopener noreferrer\"><br \/>\n\t\t\t\t\t\t\t<img loading=\"lazy\" decoding=\"async\" width=\"300\" height=\"300\" src=\"http:\/\/datingexpert.eu\/wp-content\/uploads\/2020\/07\/singles50_300x300-300x300.png\" alt=\"\" srcset=\"http:\/\/datingexpert.eu\/wp-content\/uploads\/2020\/07\/singles50_300x300.png 300w, http:\/\/datingexpert.eu\/wp-content\/uploads\/2020\/07\/singles50_300x300-150x150.png 150w, http:\/\/datingexpert.eu\/wp-content\/uploads\/2020\/07\/singles50_300x300-80x80.png 80w, http:\/\/datingexpert.eu\/wp-content\/uploads\/2020\/07\/singles50_300x300-250x250.png 250w, http:\/\/datingexpert.eu\/wp-content\/uploads\/2020\/07\/singles50_300x300-132x133.png 132w\" sizes=\"(max-width: 300px) 100vw, 300px\" \/>\t\t\t\t\t\t\t\t<\/a><\/p>\n<h2><a href=\"https:\/\/scoutrencontre.fr\/go\/singles50-fr\/\" target=\"_blank\" rel=\"noopener noreferrer\">Singles50<\/a><\/h2>\n<li><strong>Des profils de qualit\u00e9<\/strong>\u00a0pour faire des rencontres<\/li>\n<li>Le site recherche d\u2019autres singles qui correspondent \u00e0 votre profil.<\/li>\n<h1>8.7 \/ 10<\/h1>\n<h6>Notre Analyse<\/h6>\n<p>\t\t\t\t\t\t<i>&#xE934;<\/i><i>&#xE934;<\/i><i>&#xE934;<\/i><i>&#xE934;<\/i><i>&#xE934;<\/i> 4.3\/5\t\t<\/p>\n<p style=\"text-align: center;\"><strong> Age Id\u00e9al<\/strong><br \/><strong>40+<\/strong><\/p>\n<p>\t\t\t<a href=\"https:\/\/scoutrencontre.fr\/go\/singles50-fr\/\" target=\"_blank\" role=\"button\" rel=\"noopener noreferrer\"><br \/>\n\t\t\t\t\t\tInscription<br \/>Gratuite<br \/>\n\t\t\t\t\t<\/a><\/p>\n<h6><a href=\"https:\/\/scoutrencontre.fr\/go\/singles50-fr\/\" target=\"_blank\" rel=\"noopener noreferrer\">Singles50 >><\/a><\/h6>\n<p>\t\t\t\t\t\t\t\t\t\t\t<a href=\"https:\/\/scoutrencontre.fr\/go\/parfaitgentleman-fr\/\" target=\"_blank\" rel=\"noopener noreferrer\"><br \/>\n\t\t\t\t\t\t\t<img loading=\"lazy\" decoding=\"async\" width=\"300\" height=\"300\" src=\"http:\/\/datingexpert.eu\/wp-content\/uploads\/2020\/07\/parfait-gentleman_300x300-300x300.png\" alt=\"\" srcset=\"http:\/\/datingexpert.eu\/wp-content\/uploads\/2020\/07\/parfait-gentleman_300x300.png 300w, http:\/\/datingexpert.eu\/wp-content\/uploads\/2020\/07\/parfait-gentleman_300x300-150x150.png 150w, http:\/\/datingexpert.eu\/wp-content\/uploads\/2020\/07\/parfait-gentleman_300x300-80x80.png 80w, http:\/\/datingexpert.eu\/wp-content\/uploads\/2020\/07\/parfait-gentleman_300x300-250x250.png 250w, http:\/\/datingexpert.eu\/wp-content\/uploads\/2020\/07\/parfait-gentleman_300x300-132x133.png 132w\" sizes=\"(max-width: 300px) 100vw, 300px\" \/>\t\t\t\t\t\t\t\t<\/a><\/p>\n<h2><a href=\"https:\/\/scoutrencontre.fr\/go\/parfaitgentleman-fr\/\" target=\"_blank\" rel=\"noopener noreferrer\">Parfait Gentleman<\/a><\/h2>\n<li>Rencontrez des c\u00e9libataires cultiv\u00e9s<\/li>\n<li><strong>Des profils de qualit\u00e9<\/strong><\/li>\n<li>Test de personnalit\u00e9<\/li>\n<h1>8.5 \/ 10<\/h1>\n<h6>Notre Analyse<\/h6>\n<p>\t\t\t\t\t\t<i>&#xE934;<\/i><i>&#xE934;<\/i><i>&#xE934;<\/i><i>&#xE934;<\/i><i>&#xE934;<\/i> 4.2\/5\t\t<\/p>\n<p style=\"text-align: center;\"><strong> Age Id\u00e9al<\/strong><br \/><strong>25+<\/strong><\/p>\n<p>\t\t\t<a href=\"https:\/\/scoutrencontre.fr\/go\/parfaitgentleman-fr\/\" target=\"_blank\" role=\"button\" rel=\"noopener noreferrer\"><br \/>\n\t\t\t\t\t\tInscription<br \/>Gratuite<br \/>\n\t\t\t\t\t<\/a><\/p>\n<h6><a href=\"https:\/\/scoutrencontre.fr\/go\/parfaitgentleman-fr\/\" target=\"_blank\" rel=\"noopener noreferrer\">Parfait Gentleman >><\/a><\/h6>\n<p>\t\t\t\t\t\t\t\t\t\t\t<a href=\"https:\/\/scoutrencontre.fr\/go\/hugavenue-fr\/\" target=\"_blank\" rel=\"noopener noreferrer\"><br \/>\n\t\t\t\t\t\t\t<img decoding=\"async\" src=\"https:\/\/scoutrencontre.fr\/wp-content\/uploads\/2019\/07\/logo-hugavenue.png\" title=\"\" alt=\"\" \/>\t\t\t\t\t\t\t\t<\/a><\/p>\n<h2><a href=\"https:\/\/scoutrencontre.fr\/go\/hugavenue-fr\/\" target=\"_blank\" rel=\"noopener noreferrer\">HugAvenue<\/a><\/h2>\n<li>Messagerie &#038; chat<\/li>\n<li><strong>Recherches multi-crit\u00e8res et pr\u00e8s de chez vous<\/strong><\/li>\n<li>\u00c0 tout moment des rencontres gr\u00e2ce \u00e0 HugAvenue Mobile<\/li>\n<h1>8.4 \/ 10<\/h1>\n<h6>Notre Analyse<\/h6>\n<p>\t\t\t\t\t\t<i>&#xE934;<\/i><i>&#xE934;<\/i><i>&#xE934;<\/i><i>&#xE934;<\/i><i>&#xE934;<\/i> 4.2\/5\t\t<\/p>\n<p style=\"text-align: center;\"><strong> Age Id\u00e9al<\/strong><br \/><strong>25+<\/strong><\/p>\n<p>\t\t\t<a href=\"https:\/\/scoutrencontre.fr\/go\/hugavenue-fr\/\" target=\"_blank\" role=\"button\" rel=\"noopener noreferrer\"><br \/>\n\t\t\t\t\t\tInscription<br \/>Gratuite<br \/>\n\t\t\t\t\t<\/a><\/p>\n<h6><a href=\"https:\/\/scoutrencontre.fr\/go\/hugavenue-fr\/\" target=\"_blank\" rel=\"noopener noreferrer\">HugAvenue >><\/a><\/h6>\n<p>Sur le web, il y a un nombre important de sites de rencontre s\u00e9rieux qui vous permettent d\u2019effectuer des rencontres amoureuses. C\u2019est \u00e0 vous de faire le meilleur choix selon vos attentes. Vous vous dirigerez certainement vers l\u2019un des g\u00e9ants du march\u00e9. Ces sites offre une grande palette de profils et une gigantesque base de donn\u00e9es depuis de nombreuses ann\u00e9es.<\/p>\n<p>Toujours c\u00e9libataire en 2019? Il est temps pour vous de vous inscrire \u00e0 un site de rencontre s\u00e9rieux \u279c voici notre comparatif des meilleurs sites de rencontre en ligne! D\u00e9j\u00e0 que la perle rare est compliqu\u00e9e \u00e0 trouver dans la vraie vie, alors imaginez sur l&#8217;internet! Ainsi, voil\u00e0 pourquoi il vaut mieux opter pour ce type de site.Qu\u2019est ce qu\u2019un site s\u00e9rieux? C\u2019est un site qui s\u2019attarde avant tout sur ses membres et non pas sur la revente de donn\u00e9es. Il vaut mieux opter pour un site de rencontre qui poss\u00e8de des profils r\u00e9els.<\/p>\n<p>Choisissez le meilleur site de rencontre afin de rechercher avec succ\u00e8s l&#8217;homme ou la femme de vos r\u00eaves. Vous pouvez filtrer les sites en fonction de vos pr\u00e9f\u00e9rences personnelles et trouver rapidement ceux qui r\u00e9pondent le mieux \u00e0 vos besoins sp\u00e9cifiques. Lorsque vous utilisez le bon site de rencontre en ligne, vous trouverez un nouveau partenaire rapidement et en toute s\u00e9curit\u00e9.<\/p>\n","protected":false},"excerpt":{"rendered":"<p>Site Rencontre Top 10 en France Les meilleurs Sites de Rencontres 2020Vous cherchez un site de rencontre en lequel vous pouvez avoir confiance? Alors vous \u00eates \u00e0 la bonne adresse. Nos experts ont test\u00e9 la s\u00e9curit\u00e9, la qualit\u00e9 des profils et les taux de r\u00e9ussite de tous les principaux sites. Vous pouvez voir les r\u00e9sultats [&hellip;]<\/p>\n","protected":false},"author":1,"featured_media":0,"parent":0,"menu_order":0,"comment_status":"closed","ping_status":"closed","template":"elementor_header_footer","meta":{"footnotes":""},"_links":{"self":[{"href":"https:\/\/datingexpert.eu\/fr\/wp-json\/wp\/v2\/pages\/43089"}],"collection":[{"href":"https:\/\/datingexpert.eu\/fr\/wp-json\/wp\/v2\/pages"}],"about":[{"href":"https:\/\/datingexpert.eu\/fr\/wp-json\/wp\/v2\/types\/page"}],"author":[{"embeddable":true,"href":"https:\/\/datingexpert.eu\/fr\/wp-json\/wp\/v2\/users\/1"}],"replies":[{"embeddable":true,"href":"https:\/\/datingexpert.eu\/fr\/wp-json\/wp\/v2\/comments?post=43089"}],"version-history":[{"count":5,"href":"https:\/\/datingexpert.eu\/fr\/wp-json\/wp\/v2\/pages\/43089\/revisions"}],"predecessor-version":[{"id":45838,"href":"https:\/\/datingexpert.eu\/fr\/wp-json\/wp\/v2\/pages\/43089\/revisions\/45838"}],"wp:attachment":[{"href":"https:\/\/datingexpert.eu\/fr\/wp-json\/wp\/v2\/media?parent=43089"}],"curies":[{"name":"wp","href":"https:\/\/api.w.org\/{rel}","templated":true}]}}