{"id":43095,"date":"2019-03-04T02:50:58","date_gmt":"2019-03-04T01:50:58","guid":{"rendered":"https:\/\/scoutrencontre.fr\/?page_id=11"},"modified":"2020-07-27T14:19:59","modified_gmt":"2020-07-27T12:19:59","slug":"50-plus-sites-de-rencontres-france","status":"publish","type":"page","link":"https:\/\/datingexpert.eu\/fr\/50-plus-sites-de-rencontres-france\/","title":{"rendered":"50 Plus Sites de Rencontres France"},"content":{"rendered":"<p><a href=\"https:\/\/scoutrencontre.fr\/go\/parship_senior-fr\/\" target=\"_blank\" rel=\"noopener noreferrer\"><br \/>\n\t\t\t\t\t\t\t<img loading=\"lazy\" decoding=\"async\" width=\"300\" height=\"300\" src=\"http:\/\/datingexpert.eu\/wp-content\/uploads\/2020\/07\/parship_300x300-300x300.jpeg\" alt=\"\" srcset=\"http:\/\/datingexpert.eu\/wp-content\/uploads\/2020\/07\/parship_300x300.jpeg 300w, http:\/\/datingexpert.eu\/wp-content\/uploads\/2020\/07\/parship_300x300-150x150.jpeg 150w, http:\/\/datingexpert.eu\/wp-content\/uploads\/2020\/07\/parship_300x300-80x80.jpeg 80w, http:\/\/datingexpert.eu\/wp-content\/uploads\/2020\/07\/parship_300x300-250x250.jpeg 250w, http:\/\/datingexpert.eu\/wp-content\/uploads\/2020\/07\/parship_300x300-132x133.jpeg 132w\" sizes=\"(max-width: 300px) 100vw, 300px\" \/>\t\t\t\t\t\t\t\t<\/a><\/p>\n<h2><a href=\"https:\/\/scoutrencontre.fr\/go\/parship_senior-fr\/\" target=\"_blank\" rel=\"noopener noreferrer\">Parship<\/a><\/h2>\n<li>Le <strong>Nr.2 site de rencontre<\/strong>\u00a0pour les <b>30+<\/b><\/li>\n<li><strong>1 sur 3<\/strong> trouve un partenaire ici<\/li>\n<li><b>51% Femmes &#8211; 49% Hommes<\/b><\/li>\n<li><strong>75%<\/strong> des membres ont plus de 35 ans<\/li>\n<li>Chaque semaine, environ <strong>28.000<\/strong> nouveaux membres<\/li>\n<h1>9.8 \/ 10<\/h1>\n<h6>Notre Analyse<\/h6>\n<p>\t\t\t\t\t\t<i>&#xE934;<\/i><i>&#xE934;<\/i><i>&#xE934;<\/i><i>&#xE934;<\/i><i>&#xE934;<\/i> 4.9\/5\t\t<\/p>\n<p style=\"text-align: center;\"><strong> Age Id\u00e9al<\/strong><br \/><strong>30+<\/strong><\/p>\n<p>\t\t\t<a href=\"https:\/\/scoutrencontre.fr\/go\/parship_senior-fr\/\" target=\"_blank\" role=\"button\" rel=\"noopener noreferrer\"><br \/>\n\t\t\t\t\t\tInscription<br \/>Gratuite<br \/>\n\t\t\t\t\t<\/a><\/p>\n<h6><a href=\"https:\/\/scoutrencontre.fr\/go\/parship_senior-fr\/\" target=\"_blank\" rel=\"noopener noreferrer\">Parship >><\/a><\/h6>\n<p>\t\t\t\t\t\t\t\t\t\t\t<a href=\"https:\/\/scoutrencontre.fr\/go\/eliterencontre-fr\/\" target=\"_blank\" rel=\"noopener noreferrer\"><br \/>\n\t\t\t\t\t\t\t<img loading=\"lazy\" decoding=\"async\" width=\"300\" height=\"300\" src=\"http:\/\/datingexpert.eu\/wp-content\/uploads\/2020\/07\/EliteRencontre_300x300-300x300.jpg\" alt=\"\" srcset=\"http:\/\/datingexpert.eu\/wp-content\/uploads\/2020\/07\/EliteRencontre_300x300.jpg 300w, http:\/\/datingexpert.eu\/wp-content\/uploads\/2020\/07\/EliteRencontre_300x300-150x150.jpg 150w, http:\/\/datingexpert.eu\/wp-content\/uploads\/2020\/07\/EliteRencontre_300x300-80x80.jpg 80w, http:\/\/datingexpert.eu\/wp-content\/uploads\/2020\/07\/EliteRencontre_300x300-250x250.jpg 250w, http:\/\/datingexpert.eu\/wp-content\/uploads\/2020\/07\/EliteRencontre_300x300-132x133.jpg 132w\" sizes=\"(max-width: 300px) 100vw, 300px\" \/>\t\t\t\t\t\t\t\t<\/a><\/p>\n<h2><a href=\"https:\/\/scoutrencontre.fr\/go\/eliterencontre-fr\/\" target=\"_blank\" rel=\"noopener noreferrer\">Elite Rencontre<\/a><\/h2>\n<li><strong>Taux de r\u00e9ussite \u00e9lev\u00e9<\/strong><\/li>\n<li>Le choix pour des rencontres\u00a0<strong>&#8216;Premium&#8217;<\/strong><\/li>\n<li><b>50% Femmes &#8211; 50% Hommes<\/b><\/li>\n<li><strong>+155.000<\/strong> nouveaux membres par mois<\/li>\n<h1>9.7 \/ 10<\/h1>\n<h6>Notre Analyse<\/h6>\n<p>\t\t\t\t\t\t<i>&#xE934;<\/i><i>&#xE934;<\/i><i>&#xE934;<\/i><i>&#xE934;<\/i><i>&#xE934;<\/i> 4.8\/5\t\t<\/p>\n<p style=\"text-align: center;\"><strong> Age Id\u00e9al<\/strong><br \/><strong>25+<\/strong><\/p>\n<p>\t\t\t<a href=\"https:\/\/scoutrencontre.fr\/go\/eliterencontre-fr\/\" target=\"_blank\" role=\"button\" rel=\"noopener noreferrer\"><br \/>\n\t\t\t\t\t\tInscription<br \/>Gratuite<br \/>\n\t\t\t\t\t<\/a><\/p>\n<h6><a href=\"https:\/\/scoutrencontre.fr\/go\/eliterencontre-fr\/\" target=\"_blank\" rel=\"noopener noreferrer\">Elite Rencontre >><\/a><\/h6>\n<p>\t\t\t\t\t\t\t\t\t\t\t<a href=\"https:\/\/scoutrencontre.fr\/go\/edarling-fr\/\" target=\"_blank\" rel=\"noopener noreferrer\"><br \/>\n\t\t\t\t\t\t\t<img loading=\"lazy\" decoding=\"async\" width=\"300\" height=\"300\" src=\"http:\/\/datingexpert.eu\/wp-content\/uploads\/2020\/07\/eDarling_300x300-300x300.jpg\" alt=\"\" srcset=\"http:\/\/datingexpert.eu\/wp-content\/uploads\/2020\/07\/eDarling_300x300.jpg 300w, http:\/\/datingexpert.eu\/wp-content\/uploads\/2020\/07\/eDarling_300x300-150x150.jpg 150w, http:\/\/datingexpert.eu\/wp-content\/uploads\/2020\/07\/eDarling_300x300-80x80.jpg 80w, http:\/\/datingexpert.eu\/wp-content\/uploads\/2020\/07\/eDarling_300x300-250x250.jpg 250w, http:\/\/datingexpert.eu\/wp-content\/uploads\/2020\/07\/eDarling_300x300-132x133.jpg 132w\" sizes=\"(max-width: 300px) 100vw, 300px\" \/>\t\t\t\t\t\t\t\t<\/a><\/p>\n<h2><a href=\"https:\/\/scoutrencontre.fr\/go\/edarling-fr\/\" target=\"_blank\" rel=\"noopener noreferrer\">eDarling<\/a><\/h2>\n<li>le site a s\u00e9duit plus de 13 millions de personnes<\/li>\n<li>Test de personnalit\u00e9<\/li>\n<li>Service de qualit\u00e9<\/li>\n<li>C\u00e9libataires 25+<\/li>\n<h1>9.2 \/ 10<\/h1>\n<h6>Notre Analyse<\/h6>\n<p>\t\t\t\t\t\t<i>&#xE934;<\/i><i>&#xE934;<\/i><i>&#xE934;<\/i><i>&#xE934;<\/i><i>&#xE934;<\/i> 4.6\/5\t\t<\/p>\n<p style=\"text-align: center;\"><strong> Age Id\u00e9al<\/strong><br \/><strong>25+<\/strong><\/p>\n<p>\t\t\t<a href=\"https:\/\/scoutrencontre.fr\/go\/edarling-fr\/\" target=\"_blank\" role=\"button\" rel=\"noopener noreferrer\"><br \/>\n\t\t\t\t\t\tInscription<br \/>Gratuite<br \/>\n\t\t\t\t\t<\/a><\/p>\n<h6><a href=\"https:\/\/scoutrencontre.fr\/go\/edarling-fr\/\" target=\"_blank\" rel=\"noopener noreferrer\">eDarling\u200b >><\/a><\/h6>\n<p>\t\t\t\t\t\t\t\t\t\t\t<a href=\"https:\/\/scoutrencontre.fr\/go\/nosbellesannees_senior-fr\/\" target=\"_blank\" rel=\"noopener noreferrer\"><br \/>\n\t\t\t\t\t\t\t<img loading=\"lazy\" decoding=\"async\" width=\"300\" height=\"300\" src=\"http:\/\/datingexpert.eu\/wp-content\/uploads\/2020\/07\/nos-belles-annees_300x300-300x300.jpg\" alt=\"\" srcset=\"http:\/\/datingexpert.eu\/wp-content\/uploads\/2020\/07\/nos-belles-annees_300x300.jpg 300w, http:\/\/datingexpert.eu\/wp-content\/uploads\/2020\/07\/nos-belles-annees_300x300-150x150.jpg 150w, http:\/\/datingexpert.eu\/wp-content\/uploads\/2020\/07\/nos-belles-annees_300x300-80x80.jpg 80w, http:\/\/datingexpert.eu\/wp-content\/uploads\/2020\/07\/nos-belles-annees_300x300-250x250.jpg 250w, http:\/\/datingexpert.eu\/wp-content\/uploads\/2020\/07\/nos-belles-annees_300x300-132x133.jpg 132w\" sizes=\"(max-width: 300px) 100vw, 300px\" \/>\t\t\t\t\t\t\t\t<\/a><\/p>\n<h2><a href=\"https:\/\/scoutrencontre.fr\/go\/nosbellesannees_senior-fr\/\" target=\"_blank\" rel=\"noopener noreferrer\">NosBellesAnn\u00e9es<\/a><\/h2>\n<li>Relations s\u00e9rieuses<\/li>\n<li>Plateforme s\u00e9curis\u00e9e<\/li>\n<li>Site pour l&#8217;amiti\u00e9 et l&#8217;amour.<\/li>\n<li>Depuis 10 ans le meilleur site de rencontre pour les personnes de plus de 50 ans<\/li>\n<h1>9.1 \/ 10<\/h1>\n<h6>Notre Analyse<\/h6>\n<p>\t\t\t\t\t\t<i>&#xE934;<\/i><i>&#xE934;<\/i><i>&#xE934;<\/i><i>&#xE934;<\/i><i>&#xE934;<\/i> 4.5\/5\t\t<\/p>\n<p style=\"text-align: center;\"><strong> Age Id\u00e9al<\/strong><br \/><strong>50+<\/strong><\/p>\n<p>\t\t\t<a href=\"https:\/\/scoutrencontre.fr\/go\/nosbellesannees_senior-fr\/\" target=\"_blank\" role=\"button\" rel=\"noopener noreferrer\"><br \/>\n\t\t\t\t\t\tInscription<br \/>Gratuite<br \/>\n\t\t\t\t\t<\/a><\/p>\n<h6><a href=\"https:\/\/scoutrencontre.fr\/go\/nosbellesannees_senior-fr\/\" target=\"_blank\" rel=\"noopener noreferrer\">NosBellesAnn\u00e9es >><\/a><\/h6>\n<p>\t\t\t\t\t\t\t\t\t\t\t<a href=\"https:\/\/scoutrencontre.fr\/go\/meetic-fr\/\" target=\"_blank\" rel=\"noopener noreferrer\"><br \/>\n\t\t\t\t\t\t\t<img loading=\"lazy\" decoding=\"async\" width=\"300\" height=\"300\" src=\"http:\/\/datingexpert.eu\/wp-content\/uploads\/2020\/07\/meetic_300x300-300x300.jpg\" alt=\"\" srcset=\"http:\/\/datingexpert.eu\/wp-content\/uploads\/2020\/07\/meetic_300x300.jpg 300w, http:\/\/datingexpert.eu\/wp-content\/uploads\/2020\/07\/meetic_300x300-150x150.jpg 150w, http:\/\/datingexpert.eu\/wp-content\/uploads\/2020\/07\/meetic_300x300-80x80.jpg 80w, http:\/\/datingexpert.eu\/wp-content\/uploads\/2020\/07\/meetic_300x300-250x250.jpg 250w, http:\/\/datingexpert.eu\/wp-content\/uploads\/2020\/07\/meetic_300x300-132x133.jpg 132w\" sizes=\"(max-width: 300px) 100vw, 300px\" \/>\t\t\t\t\t\t\t\t<\/a><\/p>\n<h2><a href=\"https:\/\/scoutrencontre.fr\/go\/meetic-fr\/\" target=\"_blank\" rel=\"noopener noreferrer\">meetic<\/a><\/h2>\n<li>Sur internet,<strong>\u00a01 nouvelle histoire sur 4<\/strong>\u00a0commence ici<\/li>\n<li><strong>100 \u00e9v\u00e9nements<\/strong>\u00a0par mois<\/li>\n<li>Un\u00a0<strong>service \u00e0 la client\u00e8le facilement accessible<\/strong><\/li>\n<li>Des rencontres\u00a0<strong>s\u00e9rieuses<\/strong><\/li>\n<li>Inscription simplifi\u00e9e<\/li>\n<h1>9.0 \/ 10<\/h1>\n<h6>Notre Analyse<\/h6>\n<p>\t\t\t\t\t\t<i>&#xE934;<\/i><i>&#xE934;<\/i><i>&#xE934;<\/i><i>&#xE934;<\/i><i>&#xE934;<\/i> 4.5\/5\t\t<\/p>\n<p style=\"text-align: center;\"><strong> Age Id\u00e9al<\/strong><br \/><strong>25+<\/strong><\/p>\n<p>\t\t\t<a href=\"https:\/\/scoutrencontre.fr\/go\/meetic-fr\/\" target=\"_blank\" role=\"button\" rel=\"noopener noreferrer\"><br \/>\n\t\t\t\t\t\tInscription<br \/>Gratuite<br \/>\n\t\t\t\t\t<\/a><\/p>\n<h6><a href=\"https:\/\/scoutrencontre.fr\/go\/meetic-fr\/\" target=\"_blank\" rel=\"noopener noreferrer\">meetic >><\/a><\/h6>\n<p>\t\t\t\t\t\t\t\t\t\t\t<a href=\"https:\/\/scoutrencontre.fr\/go\/disonsdemain-fr\/\" target=\"_blank\" rel=\"noopener noreferrer\"><br \/>\n\t\t\t\t\t\t\t<img loading=\"lazy\" decoding=\"async\" width=\"300\" height=\"300\" src=\"http:\/\/datingexpert.eu\/wp-content\/uploads\/2020\/07\/disons-demain_300x300-300x300.gif\" alt=\"\" srcset=\"http:\/\/datingexpert.eu\/wp-content\/uploads\/2020\/07\/disons-demain_300x300-300x300.gif 300w, http:\/\/datingexpert.eu\/wp-content\/uploads\/2020\/07\/disons-demain_300x300-150x150.gif 150w, http:\/\/datingexpert.eu\/wp-content\/uploads\/2020\/07\/disons-demain_300x300-80x80.gif 80w, http:\/\/datingexpert.eu\/wp-content\/uploads\/2020\/07\/disons-demain_300x300-250x250.gif 250w, http:\/\/datingexpert.eu\/wp-content\/uploads\/2020\/07\/disons-demain_300x300-132x133.gif 132w\" sizes=\"(max-width: 300px) 100vw, 300px\" \/>\t\t\t\t\t\t\t\t<\/a><\/p>\n<h2><a href=\"https:\/\/scoutrencontre.fr\/go\/disonsdemain-fr\/\" target=\"_blank\" rel=\"noopener noreferrer\">DisonsDemain<\/a><\/h2>\n<li>Profils v\u00e9rifi\u00e9s &#038; Conseillers \u00e0 votre \u00e9coute<\/li>\n<li>Sorties et activit\u00e9s de groupe pour faire des rencontres pr\u00e8s de chez vous<\/li>\n<li>S\u00e9lection de membres partageant vos centres d\u2019int\u00e9r\u00eat<\/li>\n<li>Le site de rencontre pr\u00e9f\u00e9r\u00e9 des plus de 50 ans<\/li>\n<h1>8.9 \/ 10<\/h1>\n<h6>Notre Analyse<\/h6>\n<p style=\"text-align: center;\"><strong> Age Id\u00e9al<\/strong><br \/><strong>50+<\/strong><\/p>\n<p>\t\t\t\t\t\t<i>&#xE934;<\/i><i>&#xE934;<\/i><i>&#xE934;<\/i><i>&#xE934;<\/i><i>&#xE934;<\/i> 4.4\/5<br \/>\n\t\t\t<a href=\"https:\/\/scoutrencontre.fr\/go\/disonsdemain-fr\/\" target=\"_blank\" role=\"button\" rel=\"noopener noreferrer\"><br \/>\n\t\t\t\t\t\tInscription<br \/>Gratuite<br \/>\n\t\t\t\t\t<\/a><\/p>\n<h6><a href=\"https:\/\/scoutrencontre.fr\/go\/disonsdemain-fr\/\" target=\"_blank\" rel=\"noopener noreferrer\">DisonsDemain >><\/a><\/h6>\n<p>\t\t\t\t\t\t\t\t\t\t\t<a href=\"https:\/\/scoutrencontre.fr\/go\/be2-fr\/\" target=\"_blank\" rel=\"noopener noreferrer\"><br \/>\n\t\t\t\t\t\t\t<img loading=\"lazy\" decoding=\"async\" width=\"300\" height=\"300\" src=\"http:\/\/datingexpert.eu\/wp-content\/uploads\/2020\/07\/be2_300x300-300x300.png\" alt=\"\" srcset=\"http:\/\/datingexpert.eu\/wp-content\/uploads\/2020\/07\/be2_300x300.png 300w, http:\/\/datingexpert.eu\/wp-content\/uploads\/2020\/07\/be2_300x300-150x150.png 150w, http:\/\/datingexpert.eu\/wp-content\/uploads\/2020\/07\/be2_300x300-80x80.png 80w, http:\/\/datingexpert.eu\/wp-content\/uploads\/2020\/07\/be2_300x300-250x250.png 250w, http:\/\/datingexpert.eu\/wp-content\/uploads\/2020\/07\/be2_300x300-132x133.png 132w\" sizes=\"(max-width: 300px) 100vw, 300px\" \/>\t\t\t\t\t\t\t\t<\/a><\/p>\n<h2><a href=\"https:\/\/scoutrencontre.fr\/go\/be2-fr\/\" target=\"_blank\" rel=\"noopener noreferrer\">be2<\/a><\/h2>\n<li><strong>Des profils de qualit\u00e9<\/strong>\u00a0pour faire des rencontres<\/li>\n<li>Un site qui offre une seconde chance \u00e0 l\u2019amour<\/li>\n<li>Le site recherche d\u2019autres singles qui correspondent \u00e0 votre profil.<\/li>\n<h1>8.8 \/ 10<\/h1>\n<h6>Notre Analyse<\/h6>\n<p>\t\t\t\t\t\t<i>&#xE934;<\/i><i>&#xE934;<\/i><i>&#xE934;<\/i><i>&#xE934;<\/i><i>&#xE934;<\/i> 4.4\/5\t\t<\/p>\n<p style=\"text-align: center;\"><strong> Age Id\u00e9al<\/strong><br \/><strong>25+<\/strong><\/p>\n<p>\t\t\t<a href=\"https:\/\/scoutrencontre.fr\/go\/be2-fr\/\" target=\"_blank\" role=\"button\" rel=\"noopener noreferrer\"><br \/>\n\t\t\t\t\t\tInscription<br \/>Gratuite<br \/>\n\t\t\t\t\t<\/a><\/p>\n<h6><a href=\"https:\/\/scoutrencontre.fr\/go\/be2-fr\/\" target=\"_blank\" rel=\"noopener noreferrer\">be2 >><\/a><\/h6>\n<p>\t\t\t\t\t\t\t\t\t\t\t<a href=\"https:\/\/scoutrencontre.fr\/go\/singles50-fr\/\" target=\"_blank\" rel=\"noopener noreferrer\"><br \/>\n\t\t\t\t\t\t\t<img loading=\"lazy\" decoding=\"async\" width=\"300\" height=\"300\" src=\"http:\/\/datingexpert.eu\/wp-content\/uploads\/2020\/07\/singles50_300x300-300x300.png\" alt=\"\" srcset=\"http:\/\/datingexpert.eu\/wp-content\/uploads\/2020\/07\/singles50_300x300.png 300w, http:\/\/datingexpert.eu\/wp-content\/uploads\/2020\/07\/singles50_300x300-150x150.png 150w, http:\/\/datingexpert.eu\/wp-content\/uploads\/2020\/07\/singles50_300x300-80x80.png 80w, http:\/\/datingexpert.eu\/wp-content\/uploads\/2020\/07\/singles50_300x300-250x250.png 250w, http:\/\/datingexpert.eu\/wp-content\/uploads\/2020\/07\/singles50_300x300-132x133.png 132w\" sizes=\"(max-width: 300px) 100vw, 300px\" \/>\t\t\t\t\t\t\t\t<\/a><\/p>\n<h2><a href=\"https:\/\/scoutrencontre.fr\/go\/singles50-fr\/\" target=\"_blank\" rel=\"noopener noreferrer\">Singles50<\/a><\/h2>\n<li><strong>Des profils de qualit\u00e9<\/strong>\u00a0pour faire des rencontres en Belgique<\/li>\n<li>Le site recherche d\u2019autres singles qui correspondent \u00e0 votre profil.<\/li>\n<h1>8.7 \/ 10<\/h1>\n<h6>Notre Analyse<\/h6>\n<p>\t\t\t\t\t\t<i>&#xE934;<\/i><i>&#xE934;<\/i><i>&#xE934;<\/i><i>&#xE934;<\/i><i>&#xE934;<\/i> 4.3\/5\t\t<\/p>\n<p style=\"text-align: center;\"><strong> Age Id\u00e9al<\/strong><br \/><strong>40+<\/strong><\/p>\n<p>\t\t\t<a href=\"https:\/\/scoutrencontre.fr\/go\/singles50-fr\/\" target=\"_blank\" role=\"button\" rel=\"noopener noreferrer\"><br \/>\n\t\t\t\t\t\tInscription<br \/>Gratuite<br \/>\n\t\t\t\t\t<\/a><\/p>\n<h6><a href=\"https:\/\/scoutrencontre.fr\/go\/singles50-fr\/\" target=\"_blank\" rel=\"noopener noreferrer\">Singles50 >><\/a><\/h6>\n<p>Apr\u00e8s 50 ans, il n\u2019est pas forc\u00e9ment facile de faire des rencontres, et de se mettre dans les dispositions n\u00e9cessaires afin de trouver un nouveau partenaire. Les sites de rencontres peuvent souvent para\u00eetre grisants pour cette communaut\u00e9 et font peur puisqu\u2019ils sont un grand pas dans l\u2019inconnu.<\/p>\n<p>Dans leurs recherches de rencontres s\u00e9rieuses et fiables, les seniors rencontrent diverses difficult\u00e9s comme le manque d\u2019opportunit\u00e9s de rencontrer d\u2019autres seniors ou encore le manque de pratique et d\u2019adaptabilit\u00e9 par rapport \u00e0 l\u2019outil informatique, \u00e9videmment. C\u2019est pour cela que des sites de rencontres pour seniors ont \u00e9t\u00e9 con\u00e7us. Le choix d\u2019un de ce genre de site est assez compliqu\u00e9 \u00e0 effectuer. D\u00e9couvrez notre comparatif des meilleurs site de rencontre pour vous orienter.<\/p>\n<p>Le monde des rencontres en ligne est de plus en plus conquis par les c\u00e9libataires matures. Si vous cherchez \u00e0 nouveau un partenaire apr\u00e8s une longue pause ou si vous pr\u00e9f\u00e9rez quelque chose de non contraignant, nous serons heureux de vous aider \u00e0 trouver le site de rencontre qui vous convient le mieux et ont comparer les caract\u00e9ristiques pour vous. De cette fa\u00e7on, vous \u00eates sur la bonne voie pour trouver ce que vous recherchez.<\/p>\n","protected":false},"excerpt":{"rendered":"<p>Parship Le Nr.2 site de rencontre\u00a0pour les 30+ 1 sur 3 trouve un partenaire ici 51% Femmes &#8211; 49% Hommes 75% des membres ont plus de 35 ans Chaque semaine, environ 28.000 nouveaux membres 9.8 \/ 10 Notre Analyse &#xE934;&#xE934;&#xE934;&#xE934;&#xE934; 4.9\/5 Age Id\u00e9al30+ InscriptionGratuite Parship >> Elite Rencontre Taux de r\u00e9ussite \u00e9lev\u00e9 Le choix pour [&hellip;]<\/p>\n","protected":false},"author":1,"featured_media":0,"parent":0,"menu_order":0,"comment_status":"closed","ping_status":"closed","template":"elementor_header_footer","meta":{"footnotes":""},"_links":{"self":[{"href":"https:\/\/datingexpert.eu\/fr\/wp-json\/wp\/v2\/pages\/43095"}],"collection":[{"href":"https:\/\/datingexpert.eu\/fr\/wp-json\/wp\/v2\/pages"}],"about":[{"href":"https:\/\/datingexpert.eu\/fr\/wp-json\/wp\/v2\/types\/page"}],"author":[{"embeddable":true,"href":"https:\/\/datingexpert.eu\/fr\/wp-json\/wp\/v2\/users\/1"}],"replies":[{"embeddable":true,"href":"https:\/\/datingexpert.eu\/fr\/wp-json\/wp\/v2\/comments?post=43095"}],"version-history":[{"count":5,"href":"https:\/\/datingexpert.eu\/fr\/wp-json\/wp\/v2\/pages\/43095\/revisions"}],"predecessor-version":[{"id":45839,"href":"https:\/\/datingexpert.eu\/fr\/wp-json\/wp\/v2\/pages\/43095\/revisions\/45839"}],"wp:attachment":[{"href":"https:\/\/datingexpert.eu\/fr\/wp-json\/wp\/v2\/media?parent=43095"}],"curies":[{"name":"wp","href":"https:\/\/api.w.org\/{rel}","templated":true}]}}