{"id":43096,"date":"2019-03-04T02:51:31","date_gmt":"2019-03-04T01:51:31","guid":{"rendered":"https:\/\/scoutrencontre.fr\/?page_id=13"},"modified":"2020-07-27T12:12:00","modified_gmt":"2020-07-27T10:12:00","slug":"rencontre-gay-france","status":"publish","type":"page","link":"https:\/\/datingexpert.eu\/fr\/rencontre-gay-france\/","title":{"rendered":"Rencontre Gay France"},"content":{"rendered":"<h1>Rencontre Gay en France<\/h1>\n<h6>Meilleurs sites de rencontres LGB 2020<\/h6>\n<p>\t\tVous cherchez un site de rencontre en lequel vous pouvez avoir confiance? Alors vous \u00eates \u00e0 la bonne adresse. Nos experts ont test\u00e9 la s\u00e9curit\u00e9, la qualit\u00e9 des profils et les taux de r\u00e9ussite de tous les principaux sites. Vous pouvez voir les r\u00e9sultats ici. Testez les meilleurs sites de rencontre gratuitement! &#8230;<br \/>\n\t\t\t\t\t\t\t\t\t\t\t<a href=\"https:\/\/scoutrencontre.fr\/go\/eliterencontre_gay-fr\/\" target=\"_blank\" rel=\"noopener noreferrer\"><br \/>\n\t\t\t\t\t\t\t<img loading=\"lazy\" decoding=\"async\" width=\"300\" height=\"300\" src=\"http:\/\/datingexpert.eu\/wp-content\/uploads\/2020\/07\/EliteRencontre_300x300-300x300.jpg\" alt=\"\" srcset=\"http:\/\/datingexpert.eu\/wp-content\/uploads\/2020\/07\/EliteRencontre_300x300.jpg 300w, http:\/\/datingexpert.eu\/wp-content\/uploads\/2020\/07\/EliteRencontre_300x300-150x150.jpg 150w, http:\/\/datingexpert.eu\/wp-content\/uploads\/2020\/07\/EliteRencontre_300x300-80x80.jpg 80w, http:\/\/datingexpert.eu\/wp-content\/uploads\/2020\/07\/EliteRencontre_300x300-250x250.jpg 250w, http:\/\/datingexpert.eu\/wp-content\/uploads\/2020\/07\/EliteRencontre_300x300-132x133.jpg 132w\" sizes=\"(max-width: 300px) 100vw, 300px\" \/>\t\t\t\t\t\t\t\t<\/a><\/p>\n<h2><a href=\"https:\/\/scoutrencontre.fr\/go\/eliterencontre_gay-fr\/\" target=\"_blank\" rel=\"noopener noreferrer\">Elite Rencontre<\/a><\/h2>\n<li><strong>Taux de r\u00e9ussite \u00e9lev\u00e9<\/strong><\/li>\n<li>Le choix pour des rencontres\u00a0<strong>&#8216;Premium&#8217;<\/strong><\/li>\n<li><strong>+155.000<\/strong> nouveaux membres par mois<\/li>\n<h1>9.7 \/ 10<\/h1>\n<h6>Notre Analyse<\/h6>\n<p>\t\t\t\t\t\t<i>&#xE934;<\/i><i>&#xE934;<\/i><i>&#xE934;<\/i><i>&#xE934;<\/i><i>&#xE934;<\/i> 4.8\/5\t\t<\/p>\n<p style=\"text-align: center;\"><strong> Age Id\u00e9al<\/strong><br \/><strong>30+<\/strong><\/p>\n<p>\t\t\t<a href=\"https:\/\/scoutrencontre.fr\/go\/eliterencontre_gay-fr\/\" target=\"_blank\" role=\"button\" rel=\"noopener noreferrer\"><br \/>\n\t\t\t\t\t\tInscription<br \/>Gratuite<br \/>\n\t\t\t\t\t<\/a><\/p>\n<h6><a href=\"https:\/\/scoutrencontre.fr\/go\/eliterencontre_gay-fr\/\" target=\"_blank\" rel=\"noopener noreferrer\">Elite Rencontre >><\/a><\/h6>\n<p>\t\t\t\t\t\t\t\t\t\t\t<a href=\"https:\/\/scoutrencontre.fr\/go\/edarling_gay-fr\/\" target=\"_blank\" rel=\"noopener noreferrer\"><br \/>\n\t\t\t\t\t\t\t<img loading=\"lazy\" decoding=\"async\" width=\"300\" height=\"300\" src=\"http:\/\/datingexpert.eu\/wp-content\/uploads\/2020\/07\/eDarling_300x300-300x300.jpg\" alt=\"\" srcset=\"http:\/\/datingexpert.eu\/wp-content\/uploads\/2020\/07\/eDarling_300x300.jpg 300w, http:\/\/datingexpert.eu\/wp-content\/uploads\/2020\/07\/eDarling_300x300-150x150.jpg 150w, http:\/\/datingexpert.eu\/wp-content\/uploads\/2020\/07\/eDarling_300x300-80x80.jpg 80w, http:\/\/datingexpert.eu\/wp-content\/uploads\/2020\/07\/eDarling_300x300-250x250.jpg 250w, http:\/\/datingexpert.eu\/wp-content\/uploads\/2020\/07\/eDarling_300x300-132x133.jpg 132w\" sizes=\"(max-width: 300px) 100vw, 300px\" \/>\t\t\t\t\t\t\t\t<\/a><\/p>\n<h2><a href=\"https:\/\/scoutrencontre.fr\/go\/edarling_gay-fr\/\" target=\"_blank\" rel=\"noopener noreferrer\">eDarling<\/a><\/h2>\n<li>le site a s\u00e9duit plus de 13 millions de personnes<\/li>\n<li>Test de personnalit\u00e9<\/li>\n<li>Service de qualit\u00e9<\/li>\n<li>C\u00e9libataires 25+<\/li>\n<h1>9.2 \/ 10<\/h1>\n<h6>Notre Analyse<\/h6>\n<p>\t\t\t\t\t\t<i>&#xE934;<\/i><i>&#xE934;<\/i><i>&#xE934;<\/i><i>&#xE934;<\/i><i>&#xE934;<\/i> 4.6\/5\t\t<\/p>\n<p style=\"text-align: center;\"><strong> Age Id\u00e9al<\/strong><br \/><strong>25+<\/strong><\/p>\n<p>\t\t\t<a href=\"https:\/\/scoutrencontre.fr\/go\/edarling_gay-fr\/\" target=\"_blank\" role=\"button\" rel=\"noopener noreferrer\"><br \/>\n\t\t\t\t\t\tInscription<br \/>Gratuite<br \/>\n\t\t\t\t\t<\/a><\/p>\n<h6><a href=\"https:\/\/scoutrencontre.fr\/go\/edarling_gay-fr\/\" target=\"_blank\" rel=\"noopener noreferrer\">eDarling\u200b >><\/a><\/h6>\n<p>\t\t\t\t\t\t\t\t\t\t\t<a href=\"https:\/\/scoutrencontre.fr\/go\/meetic-fr\/\" target=\"_blank\" rel=\"noopener noreferrer\"><br \/>\n\t\t\t\t\t\t\t<img loading=\"lazy\" decoding=\"async\" width=\"300\" height=\"300\" src=\"http:\/\/datingexpert.eu\/wp-content\/uploads\/2020\/07\/meetic_300x300-300x300.jpg\" alt=\"\" srcset=\"http:\/\/datingexpert.eu\/wp-content\/uploads\/2020\/07\/meetic_300x300.jpg 300w, http:\/\/datingexpert.eu\/wp-content\/uploads\/2020\/07\/meetic_300x300-150x150.jpg 150w, http:\/\/datingexpert.eu\/wp-content\/uploads\/2020\/07\/meetic_300x300-80x80.jpg 80w, http:\/\/datingexpert.eu\/wp-content\/uploads\/2020\/07\/meetic_300x300-250x250.jpg 250w, http:\/\/datingexpert.eu\/wp-content\/uploads\/2020\/07\/meetic_300x300-132x133.jpg 132w\" sizes=\"(max-width: 300px) 100vw, 300px\" \/>\t\t\t\t\t\t\t\t<\/a><\/p>\n<h2><a href=\"https:\/\/scoutrencontre.fr\/go\/meetic-fr\/\" target=\"_blank\" rel=\"noopener noreferrer\">meetic<\/a><\/h2>\n<li>Sur internet,<strong>\u00a01 nouvelle histoire sur 4<\/strong>\u00a0commence ici<\/li>\n<li><strong>100 \u00e9v\u00e9nements<\/strong> par mois<\/li>\n<li>Un <strong>service \u00e0 la client\u00e8le facilement accessible<\/strong><\/li>\n<li>Des rencontres <strong>s\u00e9rieuses<\/strong><\/li>\n<li>Inscription simplifi\u00e9e<\/li>\n<h1>9.0 \/ 10<\/h1>\n<h6>Notre Analyse<\/h6>\n<p>\t\t\t\t\t\t<i>&#xE934;<\/i><i>&#xE934;<\/i><i>&#xE934;<\/i><i>&#xE934;<\/i><i>&#xE934;<\/i> 4.5\/5\t\t<\/p>\n<p style=\"text-align: center;\"><strong> Age id\u00e9al<\/strong><br \/><strong>25+<\/strong><\/p>\n<p>\t\t\t<a href=\"https:\/\/scoutrencontre.fr\/go\/meetic-fr\/\" target=\"_blank\" role=\"button\" rel=\"noopener noreferrer\"><br \/>\n\t\t\t\t\t\tInscription<br \/>Gratuite<br \/>\n\t\t\t\t\t<\/a><\/p>\n<h6><a href=\"https:\/\/scoutrencontre.fr\/go\/meetic-fr\/\" target=\"_blank\" rel=\"noopener noreferrer\">meetic >><\/a><\/h6>\n<p>\t\t\t\t\t\t\t\t\t\t\t<a href=\"https:\/\/scoutrencontre.fr\/go\/be2-fr\/\" target=\"_blank\" rel=\"noopener noreferrer\"><br \/>\n\t\t\t\t\t\t\t<img loading=\"lazy\" decoding=\"async\" width=\"300\" height=\"300\" src=\"http:\/\/datingexpert.eu\/wp-content\/uploads\/2020\/07\/be2_300x300-300x300.png\" alt=\"\" srcset=\"http:\/\/datingexpert.eu\/wp-content\/uploads\/2020\/07\/be2_300x300.png 300w, http:\/\/datingexpert.eu\/wp-content\/uploads\/2020\/07\/be2_300x300-150x150.png 150w, http:\/\/datingexpert.eu\/wp-content\/uploads\/2020\/07\/be2_300x300-80x80.png 80w, http:\/\/datingexpert.eu\/wp-content\/uploads\/2020\/07\/be2_300x300-250x250.png 250w, http:\/\/datingexpert.eu\/wp-content\/uploads\/2020\/07\/be2_300x300-132x133.png 132w\" sizes=\"(max-width: 300px) 100vw, 300px\" \/>\t\t\t\t\t\t\t\t<\/a><\/p>\n<h2><a href=\"https:\/\/scoutrencontre.fr\/go\/be2-fr\/\" target=\"_blank\" rel=\"noopener noreferrer\">be2<\/a><\/h2>\n<li><strong>Des profils de qualit\u00e9<\/strong>\u00a0pour faire des rencontres<\/li>\n<li>Un site qui offre une seconde chance \u00e0 l\u2019amour<\/li>\n<li>Le site recherche d\u2019autres singles qui correspondent \u00e0 votre profil.<\/li>\n<h1>8.8 \/ 10<\/h1>\n<h6>Notre Analyse<\/h6>\n<p>\t\t\t\t\t\t<i>&#xE934;<\/i><i>&#xE934;<\/i><i>&#xE934;<\/i><i>&#xE934;<\/i><i>&#xE934;<\/i> 4.5\/5\t\t<\/p>\n<p style=\"text-align: center;\"><strong> Age Id\u00e9al<\/strong><br \/><strong>25+<\/strong><\/p>\n<p>\t\t\t<a href=\"https:\/\/scoutrencontre.fr\/go\/be2-fr\/\" target=\"_blank\" role=\"button\" rel=\"noopener noreferrer\"><br \/>\n\t\t\t\t\t\tInscription<br \/>Gratuite<br \/>\n\t\t\t\t\t<\/a><\/p>\n<h6><a href=\"https:\/\/scoutrencontre.fr\/go\/be2-fr\/\" target=\"_blank\" rel=\"noopener noreferrer\">be2 >><\/a><\/h6>\n<p>Vous \u00eates pr\u00eat \u00e0 rencontrer le partenaire pour la vie? Ou cherchez-vous quelque chose de plus d\u00e9contract\u00e9? Quoi que vous cherchiez, vous le trouverez dans les rencontres en ligne. Tous les services de rencontres ne conviennent pas \u00e0 tout type de relation. Nous avons donc test\u00e9 les plus grands portails et rassembl\u00e9 nos r\u00e9sultats sur cette page. Vous pouvez donc \u00eatre s\u00fbr si vous vous inscrivez sur le site de rencontre, que ce site vous offre exactement ce que vous recherchez.<\/p>\n","protected":false},"excerpt":{"rendered":"<p>Rencontre Gay en France Meilleurs sites de rencontres LGB 2020 Vous cherchez un site de rencontre en lequel vous pouvez avoir confiance? Alors vous \u00eates \u00e0 la bonne adresse. Nos experts ont test\u00e9 la s\u00e9curit\u00e9, la qualit\u00e9 des profils et les taux de r\u00e9ussite de tous les principaux sites. Vous pouvez voir les r\u00e9sultats ici. [&hellip;]<\/p>\n","protected":false},"author":1,"featured_media":0,"parent":0,"menu_order":0,"comment_status":"closed","ping_status":"closed","template":"elementor_header_footer","meta":{"footnotes":""},"_links":{"self":[{"href":"https:\/\/datingexpert.eu\/fr\/wp-json\/wp\/v2\/pages\/43096"}],"collection":[{"href":"https:\/\/datingexpert.eu\/fr\/wp-json\/wp\/v2\/pages"}],"about":[{"href":"https:\/\/datingexpert.eu\/fr\/wp-json\/wp\/v2\/types\/page"}],"author":[{"embeddable":true,"href":"https:\/\/datingexpert.eu\/fr\/wp-json\/wp\/v2\/users\/1"}],"replies":[{"embeddable":true,"href":"https:\/\/datingexpert.eu\/fr\/wp-json\/wp\/v2\/comments?post=43096"}],"version-history":[{"count":5,"href":"https:\/\/datingexpert.eu\/fr\/wp-json\/wp\/v2\/pages\/43096\/revisions"}],"predecessor-version":[{"id":45797,"href":"https:\/\/datingexpert.eu\/fr\/wp-json\/wp\/v2\/pages\/43096\/revisions\/45797"}],"wp:attachment":[{"href":"https:\/\/datingexpert.eu\/fr\/wp-json\/wp\/v2\/media?parent=43096"}],"curies":[{"name":"wp","href":"https:\/\/api.w.org\/{rel}","templated":true}]}}