{"id":43097,"date":"2019-03-04T02:52:52","date_gmt":"2019-03-04T01:52:52","guid":{"rendered":"https:\/\/scoutrencontre.fr\/?page_id=15"},"modified":"2020-07-27T12:17:42","modified_gmt":"2020-07-27T10:17:42","slug":"rencontre-adultere-france","status":"publish","type":"page","link":"https:\/\/datingexpert.eu\/fr\/rencontre-adultere-france\/","title":{"rendered":"Rencontre Adult\u00e8re"},"content":{"rendered":"<p><a href=\"https:\/\/scoutrencontre.fr\/go\/victoria-milan-befr\/\" target=\"_blank\" rel=\"noopener noreferrer\"><br \/>\n\t\t\t\t\t\t\t<img loading=\"lazy\" decoding=\"async\" width=\"300\" height=\"300\" src=\"http:\/\/datingexpert.eu\/wp-content\/uploads\/2020\/07\/victoriamilan_300x300-300x300.png\" alt=\"\" srcset=\"http:\/\/datingexpert.eu\/wp-content\/uploads\/2020\/07\/victoriamilan_300x300.png 300w, http:\/\/datingexpert.eu\/wp-content\/uploads\/2020\/07\/victoriamilan_300x300-150x150.png 150w, http:\/\/datingexpert.eu\/wp-content\/uploads\/2020\/07\/victoriamilan_300x300-80x80.png 80w, http:\/\/datingexpert.eu\/wp-content\/uploads\/2020\/07\/victoriamilan_300x300-250x250.png 250w, http:\/\/datingexpert.eu\/wp-content\/uploads\/2020\/07\/victoriamilan_300x300-132x133.png 132w\" sizes=\"(max-width: 300px) 100vw, 300px\" \/>\t\t\t\t\t\t\t\t<\/a><\/p>\n<h2><a href=\"https:\/\/scoutrencontre.fr\/go\/victoria-milan-befr\/\" target=\"_blank\" rel=\"noopener noreferrer\">Victoria Milan<\/a><\/h2>\n<li>\n5,8 millions de Membres mari\u00e9s ou en couple\n<\/li>\n<li>\nRevivez la passion &#8211; trouvez votre aventure\n<\/li>\n<h1>8.5 \/ 10<\/h1>\n<h6>Notre Analyse<\/h6>\n<p>\t\t\t\t\t\t<i>&#xE934;<\/i><i>&#xE934;<\/i><i>&#xE934;<\/i><i>&#xE934;<\/i><i>&#xE934;<\/i> 4\/5<br \/>\n\t\t\t<a href=\"https:\/\/scoutrencontre.fr\/go\/victoria-milan-befr\/\" target=\"_blank\" role=\"button\" rel=\"noopener noreferrer\"><br \/>\n\t\t\t\t\t\tInscription<br \/>Gratuite<br \/>\n\t\t\t\t\t<\/a><\/p>\n<h6><a href=\"https:\/\/scoutrencontre.fr\/go\/victoria-milan-befr\/\" target=\"_blank\" rel=\"noopener noreferrer\">Victoria Milan &gt;&gt;<\/a><\/h6>\n<p>\t\t\t\t\t\t\t\t\t\t\t<a href=\"https:\/\/scoutrencontre.fr\/go\/casual-lounge-fr\/\" target=\"_blank\" rel=\"noopener noreferrer\"><br \/>\n\t\t\t\t\t\t\t<img loading=\"lazy\" decoding=\"async\" width=\"300\" height=\"160\" src=\"http:\/\/datingexpert.eu\/wp-content\/uploads\/2020\/07\/The-Casual-Lounge-1024x547-1-300x160.png\" alt=\"\" srcset=\"http:\/\/datingexpert.eu\/wp-content\/uploads\/2020\/07\/The-Casual-Lounge-1024x547-1-300x160.png 300w, http:\/\/datingexpert.eu\/wp-content\/uploads\/2020\/07\/The-Casual-Lounge-1024x547-1-768x410.png 768w, http:\/\/datingexpert.eu\/wp-content\/uploads\/2020\/07\/The-Casual-Lounge-1024x547-1.png 1024w\" sizes=\"(max-width: 300px) 100vw, 300px\" \/>\t\t\t\t\t\t\t\t<\/a><\/p>\n<h2><a href=\"https:\/\/scoutrencontre.fr\/go\/casual-lounge-fr\/\" target=\"_blank\" rel=\"noopener noreferrer\">Casual Lounge<\/a><\/h2>\n<h1>7.4 \/ 10<\/h1>\n<h6>Notre Analyse<\/h6>\n<p>\t\t\t\t\t\t<i>&#xE934;<\/i><i>&#xE934;<\/i><i>&#xE934;<\/i><i>&#xE934;<\/i><i>&#xE934;<\/i> 3.7\/5<br \/>\n\t\t\t<a href=\"https:\/\/scoutrencontre.fr\/go\/casual-lounge-fr\/\" target=\"_blank\" role=\"button\" rel=\"noopener noreferrer\"><br \/>\n\t\t\t\t\t\tInscription<br \/>Gratuite<br \/>\n\t\t\t\t\t<\/a><\/p>\n<h6><a href=\"https:\/\/scoutrencontre.fr\/go\/casual-lounge-fr\/\" target=\"_blank\" rel=\"noopener noreferrer\">Casual Lounge >><\/a><\/h6>\n<p>\t\t\t\t\t\t\t\t\t\t\t<a href=\"https:\/\/scoutrencontre.fr\/go\/ashley-madison\/\" target=\"_blank\" rel=\"noopener noreferrer\"><br \/>\n\t\t\t\t\t\t\t<img loading=\"lazy\" decoding=\"async\" width=\"300\" height=\"300\" src=\"http:\/\/datingexpert.eu\/wp-content\/uploads\/2020\/07\/ashleymadison_300x300-300x300.jpg\" alt=\"\" srcset=\"http:\/\/datingexpert.eu\/wp-content\/uploads\/2020\/07\/ashleymadison_300x300.jpg 300w, http:\/\/datingexpert.eu\/wp-content\/uploads\/2020\/07\/ashleymadison_300x300-150x150.jpg 150w, http:\/\/datingexpert.eu\/wp-content\/uploads\/2020\/07\/ashleymadison_300x300-80x80.jpg 80w, http:\/\/datingexpert.eu\/wp-content\/uploads\/2020\/07\/ashleymadison_300x300-250x250.jpg 250w, http:\/\/datingexpert.eu\/wp-content\/uploads\/2020\/07\/ashleymadison_300x300-132x133.jpg 132w\" sizes=\"(max-width: 300px) 100vw, 300px\" \/>\t\t\t\t\t\t\t\t<\/a><\/p>\n<h2><a href=\"https:\/\/scoutrencontre.fr\/go\/ashley-madison\/\" target=\"_blank\" rel=\"noopener noreferrer\">Ashley Madison<\/a><\/h2>\n<li><strong>Life is short.<\/strong> Have an affair.<\/li>\n<h1>6.5 \/ 10<\/h1>\n<h6>Notre Analyse<\/h6>\n<p>\t\t\t\t\t\t<i>&#xE934;<\/i><i>&#xE934;<\/i><i>&#xE934;<\/i><i>&#xE934;<\/i><i>&#xE934;<\/i> 3\/5<br \/>\n\t\t\t<a href=\"https:\/\/scoutrencontre.fr\/go\/ashley-madison\/\" target=\"_blank\" role=\"button\" rel=\"noopener noreferrer\"><br \/>\n\t\t\t\t\t\tInscription<br \/>Gratuite<br \/>\n\t\t\t\t\t<\/a><\/p>\n<h6><a href=\"https:\/\/scoutrencontre.fr\/go\/ashley-madison\/\" target=\"_blank\" rel=\"noopener noreferrer\">Ashley Madison &gt;&gt;<\/a><\/h6>\n<p>M\u00eame si vous aimez profond\u00e9ment votre bien-aim\u00e9(e), la routine qui s\u2019est install\u00e9e entre vous deux ne comble pas vos d\u00e9sirs sexuels. Lassez, vous avez envie de papillonner \u00e0 la recherche d\u2019un homme ou d\u2019une femme pour stimuler votre quotidien. Choisir le bon site de rencontre adult\u00e8re est important pour rester discret tout en continuant \u00e0 vous amuser. Nous avons donc choisi de vous donner notre s\u00e9lection des meilleurs sites de rencontre adult\u00e8re de l\u2019ann\u00e9e.<\/p>\n<p>Pour r\u00e9pondre aux crit\u00e8res du site parfait de rencontre adult\u00e8re, vous devez v\u00e9rifier que ce dernier r\u00e9pond \u00e0 certaines exigences. Voici quelques informations qui devraient vous aider \u00e0 faire votre choix.<\/p>\n<p>En France on estime que 11% de la population a d\u00e9j\u00e0 pratiqu\u00e9 le libertinage et la rencontre adult\u00e8re. Il s\u2019agit soit de couples, de femmes ou d\u2019hommes libertins. En effet, l\u2019int\u00e9r\u00eat de la rencontre adult\u00e8re, c\u2019est qu\u2019il n\u2019existe que peu de limite, \u00e0 part celle du respect. Les fantasmes se d\u00e9clinent alors pour vous permettre de r\u00e9aliser vos r\u00eaves les plus fous.\u00a0Notre volont\u00e9 est de vous faire \u00e9viter les arnaques classiques dans ce type de rencontre.<\/p>\n<p>Pimenter sa vie sexuelle au travers d\u2019internet, c\u2019est avant tout savoir choisir le bon site de rencontre pour ne pas tomber dans les nombreux pi\u00e8ges qui vous feront vite d\u00e9chanter.<\/p>\n<p style=\"text-align: center;\">Sites pour des rencontres informels, occasionnels,\u00a0extra-conjugales, libertines et coquines.<\/p>\n","protected":false},"excerpt":{"rendered":"<p>Victoria Milan 5,8 millions de Membres mari\u00e9s ou en couple Revivez la passion &#8211; trouvez votre aventure 8.5 \/ 10 Notre Analyse &#xE934;&#xE934;&#xE934;&#xE934;&#xE934; 4\/5 InscriptionGratuite Victoria Milan &gt;&gt; Casual Lounge 7.4 \/ 10 Notre Analyse &#xE934;&#xE934;&#xE934;&#xE934;&#xE934; 3.7\/5 InscriptionGratuite Casual Lounge >> Ashley Madison Life is short. Have an affair. 6.5 \/ 10 Notre Analyse &#xE934;&#xE934;&#xE934;&#xE934;&#xE934; [&hellip;]<\/p>\n","protected":false},"author":1,"featured_media":0,"parent":0,"menu_order":0,"comment_status":"closed","ping_status":"closed","template":"elementor_header_footer","meta":{"footnotes":""},"_links":{"self":[{"href":"https:\/\/datingexpert.eu\/fr\/wp-json\/wp\/v2\/pages\/43097"}],"collection":[{"href":"https:\/\/datingexpert.eu\/fr\/wp-json\/wp\/v2\/pages"}],"about":[{"href":"https:\/\/datingexpert.eu\/fr\/wp-json\/wp\/v2\/types\/page"}],"author":[{"embeddable":true,"href":"https:\/\/datingexpert.eu\/fr\/wp-json\/wp\/v2\/users\/1"}],"replies":[{"embeddable":true,"href":"https:\/\/datingexpert.eu\/fr\/wp-json\/wp\/v2\/comments?post=43097"}],"version-history":[{"count":5,"href":"https:\/\/datingexpert.eu\/fr\/wp-json\/wp\/v2\/pages\/43097\/revisions"}],"predecessor-version":[{"id":45799,"href":"https:\/\/datingexpert.eu\/fr\/wp-json\/wp\/v2\/pages\/43097\/revisions\/45799"}],"wp:attachment":[{"href":"https:\/\/datingexpert.eu\/fr\/wp-json\/wp\/v2\/media?parent=43097"}],"curies":[{"name":"wp","href":"https:\/\/api.w.org\/{rel}","templated":true}]}}