{"id":43057,"date":"2019-03-04T02:51:31","date_gmt":"2019-03-04T01:51:31","guid":{"rendered":"https:\/\/scoutrencontre.be\/?page_id=13"},"modified":"2020-07-27T12:25:20","modified_gmt":"2020-07-27T10:25:20","slug":"rencontre-gay-belgique","status":"publish","type":"page","link":"https:\/\/datingexpert.eu\/frbe\/rencontre-gay-belgique\/","title":{"rendered":"Rencontre Gay Belgique"},"content":{"rendered":"<h1>Rencontre Gay en Belgique<\/h1>\n<h6>Meilleurs Sites de Rencontres LGB 2020<\/h6>\n<p>\t\tVous cherchez un site de rencontre en lequel vous pouvez avoir confiance? Alors vous \u00eates \u00e0 la bonne adresse. Nos experts ont test\u00e9 la s\u00e9curit\u00e9, la qualit\u00e9 des profils et les taux de r\u00e9ussite de tous les principaux sites. Vous pouvez voir les r\u00e9sultats ici. Testez les meilleurs sites de rencontre gratuitement! &#8230;<br \/>\n\t\t\t\t\t\t\t\t\t\t\t<a href=\"https:\/\/scoutrencontre.be\/go\/elitedating_gay-befr\/\" target=\"_blank\" rel=\"noopener noreferrer\"><br \/>\n\t\t\t\t\t\t\t<img loading=\"lazy\" decoding=\"async\" width=\"300\" height=\"300\" src=\"http:\/\/datingexpert.eu\/wp-content\/uploads\/2020\/07\/Elitedating_300x300-300x300.jpg\" alt=\"\" srcset=\"http:\/\/datingexpert.eu\/wp-content\/uploads\/2020\/07\/Elitedating_300x300.jpg 300w, http:\/\/datingexpert.eu\/wp-content\/uploads\/2020\/07\/Elitedating_300x300-150x150.jpg 150w, http:\/\/datingexpert.eu\/wp-content\/uploads\/2020\/07\/Elitedating_300x300-80x80.jpg 80w, http:\/\/datingexpert.eu\/wp-content\/uploads\/2020\/07\/Elitedating_300x300-250x250.jpg 250w, http:\/\/datingexpert.eu\/wp-content\/uploads\/2020\/07\/Elitedating_300x300-132x133.jpg 132w\" sizes=\"(max-width: 300px) 100vw, 300px\" \/>\t\t\t\t\t\t\t\t<\/a><\/p>\n<h2><a href=\"https:\/\/scoutrencontre.be\/go\/elitedating_gay-befr\/\" target=\"_blank\" rel=\"noopener noreferrer\">Elite Dating<\/a><\/h2>\n<li><strong>Taux de r\u00e9ussite \u00e9lev\u00e9<\/strong><\/li>\n<li>Le choix pour des rencontres\u00a0<strong>&#8216;Premium&#8217;<\/strong><\/li>\n<li>Chaque semaine, environ <strong>2.500<\/strong> nouveaux membres<\/li>\n<h1>9.7 \/ 10<\/h1>\n<h6>Notre Analyse<\/h6>\n<p>\t\t\t\t\t\t<i>&#xE934;<\/i><i>&#xE934;<\/i><i>&#xE934;<\/i><i>&#xE934;<\/i><i>&#xE934;<\/i> 4.8\/5\t\t<\/p>\n<p style=\"text-align: center;\"><strong> Age id\u00e9al<\/strong><br \/><strong>25+<\/strong><\/p>\n<p>\t\t\t<a href=\"https:\/\/scoutrencontre.be\/go\/elitedating_gay-befr\/\" target=\"_blank\" role=\"button\" rel=\"noopener noreferrer\"><br \/>\n\t\t\t\t\t\tInscription<br \/>Gratuite<br \/>\n\t\t\t\t\t<\/a><\/p>\n<h6><a href=\"https:\/\/scoutrencontre.be\/go\/elitedating_gay-befr\/\" target=\"_blank\" rel=\"noopener noreferrer\">Elite Dating >><\/a><\/h6>\n<p>\t\t\t\t\t\t\t\t\t\t\t<a href=\"https:\/\/scoutrencontre.be\/go\/rendez-vous-befr\/\" target=\"_blank\" rel=\"noopener noreferrer\"><br \/>\n\t\t\t\t\t\t\t<img loading=\"lazy\" decoding=\"async\" width=\"300\" height=\"300\" src=\"http:\/\/datingexpert.eu\/wp-content\/uploads\/2020\/07\/rendez-vous_300x300-300x300.jpg\" alt=\"\" srcset=\"http:\/\/datingexpert.eu\/wp-content\/uploads\/2020\/07\/rendez-vous_300x300.jpg 300w, http:\/\/datingexpert.eu\/wp-content\/uploads\/2020\/07\/rendez-vous_300x300-150x150.jpg 150w, http:\/\/datingexpert.eu\/wp-content\/uploads\/2020\/07\/rendez-vous_300x300-80x80.jpg 80w, http:\/\/datingexpert.eu\/wp-content\/uploads\/2020\/07\/rendez-vous_300x300-250x250.jpg 250w, http:\/\/datingexpert.eu\/wp-content\/uploads\/2020\/07\/rendez-vous_300x300-132x133.jpg 132w\" sizes=\"(max-width: 300px) 100vw, 300px\" \/>\t\t\t\t\t\t\t\t<\/a><\/p>\n<h2><a href=\"https:\/\/scoutrencontre.be\/go\/rendez-vous-befr\/\" target=\"_blank\" rel=\"noopener noreferrer\">Rendez-vous<\/a><\/h2>\n<li>Rencontre et amiti\u00e9.<\/li>\n<li>Le plus ancien site de rencontre en Belgique.<\/li>\n<h1>9.2 \/ 10<\/h1>\n<h6>Notre Analyse<\/h6>\n<p>\t\t\t\t\t\t<i>&#xE934;<\/i><i>&#xE934;<\/i><i>&#xE934;<\/i><i>&#xE934;<\/i><i>&#xE934;<\/i> 4.6\/5\t\t<\/p>\n<p style=\"text-align: center;\"><strong> Age Id\u00e9al<\/strong><br \/><strong>20+<\/strong><\/p>\n<p>\t\t\t<a href=\"https:\/\/scoutrencontre.be\/go\/rendez-vous-befr\/\" target=\"_blank\" role=\"button\" rel=\"noopener noreferrer\"><br \/>\n\t\t\t\t\t\tInscription<br \/>Gratuite<br \/>\n\t\t\t\t\t<\/a><\/p>\n<h6><a href=\"https:\/\/scoutrencontre.be\/go\/rendez-vous-befr\/\" target=\"_blank\" rel=\"noopener noreferrer\">Rendez-vous\u200b >><\/a><\/h6>\n<p>\t\t\t\t\t\t\t\t\t\t\t<a href=\"https:\/\/scoutrencontre.be\/go\/be2-befr\/\" target=\"_blank\" rel=\"noopener noreferrer\"><br \/>\n\t\t\t\t\t\t\t<img loading=\"lazy\" decoding=\"async\" width=\"300\" height=\"300\" src=\"http:\/\/datingexpert.eu\/wp-content\/uploads\/2020\/07\/be2_300x300-300x300.png\" alt=\"\" srcset=\"http:\/\/datingexpert.eu\/wp-content\/uploads\/2020\/07\/be2_300x300.png 300w, http:\/\/datingexpert.eu\/wp-content\/uploads\/2020\/07\/be2_300x300-150x150.png 150w, http:\/\/datingexpert.eu\/wp-content\/uploads\/2020\/07\/be2_300x300-80x80.png 80w, http:\/\/datingexpert.eu\/wp-content\/uploads\/2020\/07\/be2_300x300-250x250.png 250w, http:\/\/datingexpert.eu\/wp-content\/uploads\/2020\/07\/be2_300x300-132x133.png 132w\" sizes=\"(max-width: 300px) 100vw, 300px\" \/>\t\t\t\t\t\t\t\t<\/a><\/p>\n<h2><a href=\"https:\/\/scoutrencontre.be\/go\/be2-befr\/\" target=\"_blank\" rel=\"noopener noreferrer\">Be2<\/a><\/h2>\n<li><strong>Des profils de qualit\u00e9<\/strong>\u00a0pour faire des rencontres<\/li>\n<li><strong>Test de personnalit\u00e9<\/strong> scientifique<\/li>\n<li>Le site recherche d\u2019autres c\u00e9libataires qui correspondent \u00e0 votre profil.<\/li>\n<h1>9.1 \/ 10<\/h1>\n<h6>Notre Analyse<\/h6>\n<p>\t\t\t\t\t\t<i>&#xE934;<\/i><i>&#xE934;<\/i><i>&#xE934;<\/i><i>&#xE934;<\/i><i>&#xE934;<\/i> 4.5\/5\t\t<\/p>\n<p style=\"text-align: center;\"><strong> Age id\u00e9al<\/strong><br \/><strong>25+<\/strong><\/p>\n<p>\t\t\t<a href=\"https:\/\/scoutrencontre.be\/go\/be2-befr\/\" target=\"_blank\" role=\"button\" rel=\"noopener noreferrer\"><br \/>\n\t\t\t\t\t\tInscription<br \/>Gratuite<br \/>\n\t\t\t\t\t<\/a><\/p>\n<h6><a href=\"https:\/\/scoutrencontre.be\/go\/be2-befr\/\" target=\"_blank\" rel=\"noopener noreferrer\">Be2 >><\/a><\/h6>\n<p>\t\t\t\t\t\t\t\t\t\t\t<a href=\"https:\/\/scoutrencontre.be\/go\/meetic-befr\/\" target=\"_blank\" rel=\"noopener noreferrer\"><br \/>\n\t\t\t\t\t\t\t<img loading=\"lazy\" decoding=\"async\" width=\"300\" height=\"300\" src=\"http:\/\/datingexpert.eu\/wp-content\/uploads\/2020\/07\/meetic_300x300-300x300.jpg\" alt=\"\" srcset=\"http:\/\/datingexpert.eu\/wp-content\/uploads\/2020\/07\/meetic_300x300.jpg 300w, http:\/\/datingexpert.eu\/wp-content\/uploads\/2020\/07\/meetic_300x300-150x150.jpg 150w, http:\/\/datingexpert.eu\/wp-content\/uploads\/2020\/07\/meetic_300x300-80x80.jpg 80w, http:\/\/datingexpert.eu\/wp-content\/uploads\/2020\/07\/meetic_300x300-250x250.jpg 250w, http:\/\/datingexpert.eu\/wp-content\/uploads\/2020\/07\/meetic_300x300-132x133.jpg 132w\" sizes=\"(max-width: 300px) 100vw, 300px\" \/>\t\t\t\t\t\t\t\t<\/a><\/p>\n<h2><a href=\"https:\/\/scoutrencontre.be\/go\/meetic-befr\/\" target=\"_blank\" rel=\"noopener noreferrer\">Meetic<\/a><\/h2>\n<li><strong>Chaque jour<\/strong>, de belles histoires commencent sur Meetic<\/li>\n<li><strong>\u00c9v\u00e9nements<\/strong> pr\u00e8s de chez vous<\/li>\n<li>Gr\u00e2ce \u00e0 Meetic, il y a d\u00e9j\u00e0 plus <strong>d&#8217;un million<\/strong> de couples<\/li>\n<li>Flirter, l&#8217;amour et l&#8217;aventure.<\/li>\n<h1>8.8 \/ 10<\/h1>\n<h6>Notre Analyse<\/h6>\n<p>\t\t\t\t\t\t<i>&#xE934;<\/i><i>&#xE934;<\/i><i>&#xE934;<\/i><i>&#xE934;<\/i><i>&#xE934;<\/i> 4.4\/5\t\t<\/p>\n<p style=\"text-align: center;\"><strong> Age id\u00e9al<\/strong><br \/><strong>25+<\/strong><\/p>\n<p>\t\t\t<a href=\"https:\/\/scoutrencontre.be\/go\/meetic-befr\/\" target=\"_blank\" role=\"button\" rel=\"noopener noreferrer\"><br \/>\n\t\t\t\t\t\tInscription<br \/>Gratuite<br \/>\n\t\t\t\t\t<\/a><\/p>\n<h6><a href=\"https:\/\/scoutrencontre.be\/go\/meetic-befr\/\" target=\"_blank\" rel=\"noopener noreferrer\">Meetic >><\/a><\/h6>\n<p>\t\t\t\t\t\t\t\t\t\t\t<a href=\"https:\/\/scoutrencontre.be\/go\/rencontregay-befr\/\" target=\"_blank\" rel=\"noopener noreferrer\"><br \/>\n\t\t\t\t\t\t\t<img decoding=\"async\" src=\"https:\/\/scoutrencontre.be\/wp-content\/uploads\/2019\/03\/Rencontregay.be_.png\" title=\"\" alt=\"\" \/>\t\t\t\t\t\t\t\t<\/a><\/p>\n<h2><a href=\"https:\/\/scoutrencontre.be\/go\/rencontregay-befr\/\" target=\"_blank\" rel=\"noopener noreferrer\">Rencontregay<\/a><\/h2>\n<li>Lieu de rencontre en ligne pour les hommes homosexuels\u00a0\u00e0 la recherche d&#8217;un contact passionnant.<\/li>\n<li>Nouveau site Web gratuit.<\/li>\n<h1>7.3 \/ 10<\/h1>\n<h6>Notre Analyse<\/h6>\n<p>\t\t\t\t\t\t<i>&#xE934;<\/i><i>&#xE934;<\/i><i>&#xE934;<\/i><i>&#xE934;<\/i><i>&#xE934;<\/i> 3.6\/5<br \/>\n\t\t\t<a href=\"https:\/\/scoutrencontre.be\/go\/rencontregay-befr\/\" target=\"_blank\" role=\"button\" rel=\"noopener noreferrer\"><br \/>\n\t\t\t\t\t\tInscription<br \/>Gratuite<br \/>\n\t\t\t\t\t<\/a><\/p>\n<h6><a href=\"https:\/\/scoutrencontre.be\/go\/rencontregay-befr\/\" target=\"_blank\" rel=\"noopener noreferrer\">Rencontregay >><\/a><\/h6>\n<p>Vous \u00eates pr\u00eat \u00e0 rencontrer le partenaire pour la vie? Ou cherchez-vous quelque chose de plus d\u00e9contract\u00e9? Quoi que vous cherchiez, vous le trouverez dans les rencontres en ligne. Tous les services de rencontres ne conviennent pas \u00e0 tout type de relation. Nous avons donc test\u00e9 les plus grands portails et rassembl\u00e9 nos r\u00e9sultats sur cette page. Vous pouvez donc \u00eatre s\u00fbr si vous vous inscrivez sur le site de rencontre, que ce site vous offre exactement ce que vous recherchez.<\/p>\n","protected":false},"excerpt":{"rendered":"<p>Rencontre Gay en Belgique Meilleurs Sites de Rencontres LGB 2020 Vous cherchez un site de rencontre en lequel vous pouvez avoir confiance? Alors vous \u00eates \u00e0 la bonne adresse. Nos experts ont test\u00e9 la s\u00e9curit\u00e9, la qualit\u00e9 des profils et les taux de r\u00e9ussite de tous les principaux sites. Vous pouvez voir les r\u00e9sultats ici. [&hellip;]<\/p>\n","protected":false},"author":1,"featured_media":0,"parent":0,"menu_order":0,"comment_status":"closed","ping_status":"closed","template":"elementor_header_footer","meta":{"footnotes":""},"_links":{"self":[{"href":"https:\/\/datingexpert.eu\/frbe\/wp-json\/wp\/v2\/pages\/43057"}],"collection":[{"href":"https:\/\/datingexpert.eu\/frbe\/wp-json\/wp\/v2\/pages"}],"about":[{"href":"https:\/\/datingexpert.eu\/frbe\/wp-json\/wp\/v2\/types\/page"}],"author":[{"embeddable":true,"href":"https:\/\/datingexpert.eu\/frbe\/wp-json\/wp\/v2\/users\/1"}],"replies":[{"embeddable":true,"href":"https:\/\/datingexpert.eu\/frbe\/wp-json\/wp\/v2\/comments?post=43057"}],"version-history":[{"count":5,"href":"https:\/\/datingexpert.eu\/frbe\/wp-json\/wp\/v2\/pages\/43057\/revisions"}],"predecessor-version":[{"id":45804,"href":"https:\/\/datingexpert.eu\/frbe\/wp-json\/wp\/v2\/pages\/43057\/revisions\/45804"}],"wp:attachment":[{"href":"https:\/\/datingexpert.eu\/frbe\/wp-json\/wp\/v2\/media?parent=43057"}],"curies":[{"name":"wp","href":"https:\/\/api.w.org\/{rel}","templated":true}]}}