{"id":43062,"date":"2019-05-21T11:48:57","date_gmt":"2019-05-21T09:48:57","guid":{"rendered":"https:\/\/scoutrencontre.be\/?page_id=604"},"modified":"2020-07-22T08:54:50","modified_gmt":"2020-07-22T06:54:50","slug":"politique-de-confidentialite-be","status":"publish","type":"page","link":"https:\/\/datingexpert.eu\/frbe\/politique-de-confidentialite-be\/","title":{"rendered":"Politique de confidentialit\u00e9"},"content":{"rendered":"<h4>Politique de Confidentialit\u00e9<\/h4>\n<h6>Informations \u00e0 caract\u00e8re personnel et non-personnel<\/h6>\n<p>ScoutRencontre ne collecte aucune information \u00e0 caract\u00e8re personnel sauf si vous nous les adressez volontairement. Notre site est enti\u00e8rement anonyme et ne requiert pas d\u2019inscription pr\u00e9alable pour acc\u00e9der \u00e0 nos services. Lorsque vous utilisez notre site et cliquez sur le lien directionnel de l\u2019un de nos sites tiers partenaires, vous quittez&nbsp;ScoutRencontre. Les informations personnelles requises pour utiliser ces sites web ne d\u00e9pendent pas de notre responsabilit\u00e9 et nous n\u2019y avons pas acc\u00e8s.<\/p>\n<p>ScoutRencontre collecte des informations \u00e0 caract\u00e8re non personnel. Il peut s\u2019agir de votre type de navigateur ou de connexion, votre syst\u00e8me d\u2019exploitation ou prestataire de services Internet. Notre site utilise \u00e9galement des cookies d\u2019analyse de performance.<\/p>\n<h6>Utilisation des Cookies<\/h6>\n<p>Un cookie est une courte ligne de texte conserv\u00e9e sur votre ordinateur ou votre navigateur lors de la visite d\u2019un site web. Ils facilitent votre navigation et permettent la r\u00e9cup\u00e9ration de certaines donn\u00e9es.&nbsp;ScoutRencontre&nbsp;utilise des cookies pour la r\u00e9cup\u00e9ration de donn\u00e9es statistiques \u00e0 des fins d\u2019analyse de trafic.<\/p>\n<p>Utiliser des cookies nous aide \u00e0 am\u00e9liorer votre exp\u00e9rience de navigation sur notre site. Nous utilisons essentiellement des cookies d\u2019analyse de performance via l\u2019outil Google Analytics de la soci\u00e9t\u00e9 Google Inc. pour collecter des donn\u00e9es nous permettant d\u2019analyser l\u2019utilisation de notre site et d\u00e9tecter toute anomalie pouvant g\u00eaner l\u2019exp\u00e9rience utilisateur. Ils ont notamment pour but de collecter des informations relatives \u00e0 votre navigation sur les sites et de vous adresser des services de plus en plus personnalis\u00e9s. Des informations sur votre navigation sont enregistr\u00e9es sur les serveurs de Google dans le cadre de rapports concernant les activit\u00e9s du site web.<\/p>\n<p>Les donn\u00e9es collect\u00e9es gr\u00e2ce \u00e0 ces cookies sont anonymes, Google ne r\u00e9cup\u00e8re pas de donn\u00e9es utilisateurs sp\u00e9cifiques, ni ne les partage ou les vend \u00e0 des tiers. La loi autorise la transmission de ces donn\u00e9es \u00e0 des tiers travaillant pour le compte de Google.<\/p>\n<p>ScoutRencontreLes cookies sont g\u00e9r\u00e9s par votre navigateur internet. Vous pouvez param\u00e9trer votre navigateur pour qu\u2019il refuse les cookies, notez cependant que certaines fonctions de notre site web peuvent ne pas fonctionner correctement sans cookies. Certains cookies sont indispensables pour optimiser votre navigation sur un site web, vous pouvez choisir de refuser ou de bloquer uniquement un certain type de cookie, pour cela, activez le param\u00e8tre de votre navigateur vous permettant de refuser tous ou certains des cookies. Ce param\u00e8tre se trouve dans le menu param\u00e8tres, outils ou confidentialit\u00e9 selon votre type de navigateur.<\/p>\n<p>En utilisant&nbsp;ScoutRencontre&nbsp;sans modifier vos param\u00e8tres de navigation, vous acceptez le traitement des donn\u00e9es recueillies par Google Inc. et l\u2019utilisation de nos cookies. Sachez que vous disposez d\u2019un droit d\u2019acc\u00e8s, de modification et de retrait de vos donn\u00e9es personnelles communiqu\u00e9es par le biais des cookies.<\/p>\n<h6>Sites Tiers<\/h6>\n<p>Des annonces publicitaires et d\u2019autres contenus peuvent appara\u00eetre sur notre site, \u00e9tablissant un lien vers les sites de nos partenaires et leurs services. Nous n\u2019avons aucun contr\u00f4le sur les contenus ou les liens visibles sur leurs sites et ne sommes pas responsables des pratiques utilis\u00e9es par les sites ayant un lien vers ou depuis notre site. Ces sites sont r\u00e9gis par leurs propres r\u00e8gles et leur propre politique de confidentialit\u00e9.<\/p>\n<p>Des publicit\u00e9s sont susceptibles d\u2019\u00eatre affich\u00e9es sur notre site par le biais de partenaires annonceurs qui peuvent mettre en place des cookies afin de cibler les contenus les plus int\u00e9ressants pour vous.<\/p>\n<p>Cette politique de confidentialit\u00e9 ne couvre en aucun cas l\u2019utilisation de cookies par les annonceurs.<\/p>\n<h6>Vie priv\u00e9e<\/h6>\n<p>Vous utilisez&nbsp;ScoutRencontre&nbsp;en votre \u00e2me et conscience. Toute personne qui nous aurait fournie des informations personnelles a un droit d\u2019acc\u00e8s, de modification et de suppression des dites informations. Pour toute r\u00e9clamation, veuillez nous \u00e9crire \u00e0 knowl4a@gmail.com.<\/p>\n<h6>Acceptation des Conditions<\/h6>\n<p>Cette politique de confidentialit\u00e9 s\u2019applique \u00e0 l\u2019utilisation du site&nbsp;ScoutRencontre&nbsp;et des services propos\u00e9s. En utilisant ce site, vous acceptez pleinement les conditions \u00e9nonc\u00e9es dans le pr\u00e9sent contrat. Nous nous r\u00e9servons le droit de mettre \u00e0 jour ou de modifier cette politique de confidentialit\u00e9 sans pr\u00e9avis. La date de mise \u00e0 jour sera alors modifi\u00e9e en bas de cette page. Vous admettez que la consultation r\u00e9guli\u00e8re de cette page r\u00e9sulte de votre responsabilit\u00e9 pour prendre connaissance des \u00e9ventuelles mises \u00e0 jour. Si vous n\u2019acceptez pas notre politique, nous vous invitons \u00e0 quitter notre site.<\/p>\n<h6>Nous contacter<\/h6>\n<p>Pour toutes questions relatives \u00e0 notre politique de confidentialit\u00e9, veuillez-vous contacter:<\/p>\n<p>knowl4a@gmail.com<\/p>\n<p>Ce document a \u00e9t\u00e9 mis \u00e0 jour le 27 avril 2019.<\/p>\n","protected":false},"excerpt":{"rendered":"<p>Politique de Confidentialit\u00e9 Informations \u00e0 caract\u00e8re personnel et non-personnel ScoutRencontre ne collecte aucune information \u00e0 caract\u00e8re personnel sauf si vous nous les adressez volontairement. Notre site est enti\u00e8rement anonyme et ne requiert pas d\u2019inscription pr\u00e9alable pour acc\u00e9der \u00e0 nos services. Lorsque vous utilisez notre site et cliquez sur le lien directionnel de l\u2019un de nos [&hellip;]<\/p>\n","protected":false},"author":1,"featured_media":0,"parent":0,"menu_order":0,"comment_status":"closed","ping_status":"closed","template":"elementor_header_footer","meta":{"footnotes":""},"_links":{"self":[{"href":"https:\/\/datingexpert.eu\/frbe\/wp-json\/wp\/v2\/pages\/43062"}],"collection":[{"href":"https:\/\/datingexpert.eu\/frbe\/wp-json\/wp\/v2\/pages"}],"about":[{"href":"https:\/\/datingexpert.eu\/frbe\/wp-json\/wp\/v2\/types\/page"}],"author":[{"embeddable":true,"href":"https:\/\/datingexpert.eu\/frbe\/wp-json\/wp\/v2\/users\/1"}],"replies":[{"embeddable":true,"href":"https:\/\/datingexpert.eu\/frbe\/wp-json\/wp\/v2\/comments?post=43062"}],"version-history":[{"count":4,"href":"https:\/\/datingexpert.eu\/frbe\/wp-json\/wp\/v2\/pages\/43062\/revisions"}],"predecessor-version":[{"id":43252,"href":"https:\/\/datingexpert.eu\/frbe\/wp-json\/wp\/v2\/pages\/43062\/revisions\/43252"}],"wp:attachment":[{"href":"https:\/\/datingexpert.eu\/frbe\/wp-json\/wp\/v2\/media?parent=43062"}],"curies":[{"name":"wp","href":"https:\/\/api.w.org\/{rel}","templated":true}]}}